{"id":9740,"date":"2025-02-19T09:22:34","date_gmt":"2025-02-19T09:22:34","guid":{"rendered":"https:\/\/www.asociacija.si\/si\/?page_id=9740"},"modified":"2025-02-24T10:15:52","modified_gmt":"2025-02-24T10:15:52","slug":"katalog-dobrih-praks-2","status":"publish","type":"page","link":"https:\/\/www.asociacija.si\/si\/katalog-dobrih-praks-2\/","title":{"rendered":"Katalog dobrih praks"},"content":{"rendered":"\n<p>Katalog dobrih praks nastaja z namenom, da bi dvignili vidnost skupnostnih praks in pristopov v Sloveniji. Zanimajo nas prakse na prese\u010di\u0161\u010du kulture in zdravja ter dobrega po\u010dutja. Z mapiranjem praks, ki jih najdete spodaj, \u017eelimo spodbuditi kro\u017eenje znanja po dr\u017eavi ter onkraj nje.<\/p>\n\n\n\n<p class=\"has-text-align-center\"><a href=\"https:\/\/forms.gle\/qf31KdBXfwhxCJh17\"><strong>OBRAZEC ZA VNOS PRAKSE<\/strong><\/a><\/p>\n\n\n\n<p>S spodnjimi orodji lahko nabor prikazanih praks zmanj\u0161ate, pove\u010date ali specifizirate. Navedene prakse so z nami delili njihovi ustvarjalci, ki jih lahko kontaktirate za ve\u010d informacij.<\/p>\n\n\n\n<hr class=\"wp-block-separator has-alpha-channel-opacity\"\/>\n\n\n<ul class=\"wp-block-latest-posts__list is-grid columns-2 aligncenter wp-block-latest-posts\"><li><div class=\"wp-block-latest-posts__featured-image alignleft\"><img loading=\"lazy\" decoding=\"async\" width=\"300\" height=\"214\" src=\"https:\/\/www.asociacija.si\/si\/wp-content\/uploads\/2025\/02\/Screenshot-2025-02-24-105857-300x214.png\" class=\"attachment-medium size-medium wp-post-image\" alt=\"\" style=\"max-width:150px;max-height:150px;\" srcset=\"https:\/\/www.asociacija.si\/si\/wp-content\/uploads\/2025\/02\/Screenshot-2025-02-24-105857-300x214.png 300w, https:\/\/www.asociacija.si\/si\/wp-content\/uploads\/2025\/02\/Screenshot-2025-02-24-105857-1024x732.png 1024w, https:\/\/www.asociacija.si\/si\/wp-content\/uploads\/2025\/02\/Screenshot-2025-02-24-105857-768x549.png 768w, https:\/\/www.asociacija.si\/si\/wp-content\/uploads\/2025\/02\/Screenshot-2025-02-24-105857-1536x1098.png 1536w, https:\/\/www.asociacija.si\/si\/wp-content\/uploads\/2025\/02\/Screenshot-2025-02-24-105857.png 1596w\" sizes=\"auto, (max-width: 300px) 100vw, 300px\" \/><\/div><a class=\"wp-block-latest-posts__post-title\" href=\"https:\/\/www.asociacija.si\/si\/2025\/02\/24\/b-air-zvocna-umetnost-za-dojencke-malcke-in-ranljive-skupine\/\">B-AIR: Zvo\u010dna umetnost za dojen\u010dke, mal\u010dke in ranljive skupine<\/a><\/li>\n<li><div class=\"wp-block-latest-posts__featured-image alignleft\"><img loading=\"lazy\" decoding=\"async\" width=\"300\" height=\"163\" src=\"https:\/\/www.asociacija.si\/si\/wp-content\/uploads\/2025\/04\/bien2025-LOGOTIPI-VARIACIJE-BIEN-1-Zala-Orel-300x163.png\" class=\"attachment-medium size-medium wp-post-image\" alt=\"\" style=\"max-width:150px;max-height:150px;\" srcset=\"https:\/\/www.asociacija.si\/si\/wp-content\/uploads\/2025\/04\/bien2025-LOGOTIPI-VARIACIJE-BIEN-1-Zala-Orel-300x163.png 300w, https:\/\/www.asociacija.si\/si\/wp-content\/uploads\/2025\/04\/bien2025-LOGOTIPI-VARIACIJE-BIEN-1-Zala-Orel-1024x557.png 1024w, https:\/\/www.asociacija.si\/si\/wp-content\/uploads\/2025\/04\/bien2025-LOGOTIPI-VARIACIJE-BIEN-1-Zala-Orel-768x418.png 768w, https:\/\/www.asociacija.si\/si\/wp-content\/uploads\/2025\/04\/bien2025-LOGOTIPI-VARIACIJE-BIEN-1-Zala-Orel.png 1256w\" sizes=\"auto, (max-width: 300px) 100vw, 300px\" \/><\/div><a class=\"wp-block-latest-posts__post-title\" href=\"https:\/\/www.asociacija.si\/si\/2025\/04\/29\/bien-bienale-tekstilne-umetnosti\/\">BIEN Bienale tekstilne umetnosti<\/a><\/li>\n<li><div class=\"wp-block-latest-posts__featured-image alignleft\"><img loading=\"lazy\" decoding=\"async\" width=\"300\" height=\"136\" src=\"https:\/\/www.asociacija.si\/si\/wp-content\/uploads\/2025\/02\/CZK-Drustvo-Asociacija-300x136.png\" class=\"attachment-medium size-medium wp-post-image\" alt=\"\" style=\"max-width:150px;max-height:150px;\" srcset=\"https:\/\/www.asociacija.si\/si\/wp-content\/uploads\/2025\/02\/CZK-Drustvo-Asociacija-300x136.png 300w, https:\/\/www.asociacija.si\/si\/wp-content\/uploads\/2025\/02\/CZK-Drustvo-Asociacija.png 750w\" sizes=\"auto, (max-width: 300px) 100vw, 300px\" \/><\/div><a class=\"wp-block-latest-posts__post-title\" href=\"https:\/\/www.asociacija.si\/si\/2025\/02\/18\/certifikat-kulturno-podjetje-2\/\">Certifikat kulturno podjetje<\/a><\/li>\n<li><a class=\"wp-block-latest-posts__post-title\" href=\"https:\/\/www.asociacija.si\/si\/2026\/03\/26\/kar-cutimo-se-lahko-giblje-dialog-med-umetniskim-gibom-in-somatsko-prakso-za-zenske\/\">Kar \u010dutimo, se lahko giblje \u2013 DIALOG MED UMETNI\u0160KIM GIBOM IN SOMATSKO PRAKSO ZA \u017dENSKE<\/a><\/li>\n<li><a class=\"wp-block-latest-posts__post-title\" href=\"https:\/\/www.asociacija.si\/si\/2026\/03\/26\/mehki-premiki-somatsko-psihosocialna-podpora-za-trajnost-v-plesnem-sektorju\/\">Mehki premiki: somatsko-psihosocialna podpora za trajnost v plesnem sektorju<\/a><\/li>\n<li><a class=\"wp-block-latest-posts__post-title\" href=\"https:\/\/www.asociacija.si\/si\/2026\/03\/30\/ples-proti-padcem-fizicna-socializacija-ppp\/\">Ples proti padcem \u2013 fizi\u010dna socializacija (PpP)<\/a><\/li>\n<li><div class=\"wp-block-latest-posts__featured-image alignleft\"><img loading=\"lazy\" decoding=\"async\" width=\"300\" height=\"253\" src=\"https:\/\/www.asociacija.si\/si\/wp-content\/uploads\/2025\/05\/LICE1-300x253.jpg\" class=\"attachment-medium size-medium wp-post-image\" alt=\"\" style=\"max-width:150px;max-height:150px;\" srcset=\"https:\/\/www.asociacija.si\/si\/wp-content\/uploads\/2025\/05\/LICE1-300x253.jpg 300w, https:\/\/www.asociacija.si\/si\/wp-content\/uploads\/2025\/05\/LICE1-1024x863.jpg 1024w, https:\/\/www.asociacija.si\/si\/wp-content\/uploads\/2025\/05\/LICE1-768x648.jpg 768w, https:\/\/www.asociacija.si\/si\/wp-content\/uploads\/2025\/05\/LICE1.jpg 1536w\" sizes=\"auto, (max-width: 300px) 100vw, 300px\" \/><\/div><a class=\"wp-block-latest-posts__post-title\" href=\"https:\/\/www.asociacija.si\/si\/2025\/05\/29\/pomoc-z-umetnostjo\/\">Pomo\u010d z umetnostjo<\/a><\/li>\n<li><a class=\"wp-block-latest-posts__post-title\" href=\"https:\/\/www.asociacija.si\/si\/2025\/07\/31\/predstavitev-projekta-skupaj-povezani-v-sodobni-umetnosti-in-kulturi\/\">Predstavitev projekta: Skupaj povezani v sodobni umetnosti in kulturi<\/a><\/li>\n<li><div class=\"wp-block-latest-posts__featured-image alignleft\"><img loading=\"lazy\" decoding=\"async\" width=\"300\" height=\"200\" src=\"https:\/\/www.asociacija.si\/si\/wp-content\/uploads\/2025\/03\/Slisano-zivljenje-01-foto-Suncan-Stone-Bojan-Dekleva-300x200.jpg\" class=\"attachment-medium size-medium wp-post-image\" alt=\"\" style=\"max-width:150px;max-height:150px;\" srcset=\"https:\/\/www.asociacija.si\/si\/wp-content\/uploads\/2025\/03\/Slisano-zivljenje-01-foto-Suncan-Stone-Bojan-Dekleva-300x200.jpg 300w, https:\/\/www.asociacija.si\/si\/wp-content\/uploads\/2025\/03\/Slisano-zivljenje-01-foto-Suncan-Stone-Bojan-Dekleva-1024x683.jpg 1024w, https:\/\/www.asociacija.si\/si\/wp-content\/uploads\/2025\/03\/Slisano-zivljenje-01-foto-Suncan-Stone-Bojan-Dekleva-768x512.jpg 768w, https:\/\/www.asociacija.si\/si\/wp-content\/uploads\/2025\/03\/Slisano-zivljenje-01-foto-Suncan-Stone-Bojan-Dekleva-1536x1024.jpg 1536w, https:\/\/www.asociacija.si\/si\/wp-content\/uploads\/2025\/03\/Slisano-zivljenje-01-foto-Suncan-Stone-Bojan-Dekleva-2048x1365.jpg 2048w\" sizes=\"auto, (max-width: 300px) 100vw, 300px\" \/><\/div><a class=\"wp-block-latest-posts__post-title\" href=\"https:\/\/www.asociacija.si\/si\/2025\/03\/31\/slisano-zivljenje-umetnost-glasov\/\">Sli\u0161ano \u017eivljenje &#8211; Umetnost glasov<\/a><\/li>\n<li><div class=\"wp-block-latest-posts__featured-image alignleft\"><img loading=\"lazy\" decoding=\"async\" width=\"300\" height=\"169\" src=\"https:\/\/www.asociacija.si\/si\/wp-content\/uploads\/2025\/09\/Copy-of-Sl_2_20231206_103758-Dragana-Lujic-300x169.jpg\" class=\"attachment-medium size-medium wp-post-image\" alt=\"\" style=\"max-width:150px;max-height:150px;\" srcset=\"https:\/\/www.asociacija.si\/si\/wp-content\/uploads\/2025\/09\/Copy-of-Sl_2_20231206_103758-Dragana-Lujic-300x169.jpg 300w, https:\/\/www.asociacija.si\/si\/wp-content\/uploads\/2025\/09\/Copy-of-Sl_2_20231206_103758-Dragana-Lujic-1024x577.jpg 1024w, https:\/\/www.asociacija.si\/si\/wp-content\/uploads\/2025\/09\/Copy-of-Sl_2_20231206_103758-Dragana-Lujic-768x432.jpg 768w, https:\/\/www.asociacija.si\/si\/wp-content\/uploads\/2025\/09\/Copy-of-Sl_2_20231206_103758-Dragana-Lujic-1536x865.jpg 1536w, https:\/\/www.asociacija.si\/si\/wp-content\/uploads\/2025\/09\/Copy-of-Sl_2_20231206_103758-Dragana-Lujic-2048x1153.jpg 2048w\" sizes=\"auto, (max-width: 300px) 100vw, 300px\" \/><\/div><a class=\"wp-block-latest-posts__post-title\" href=\"https:\/\/www.asociacija.si\/si\/2025\/09\/30\/umovadba\/\">Umovadba<\/a><\/li>\n<li><div class=\"wp-block-latest-posts__featured-image alignleft\"><img loading=\"lazy\" decoding=\"async\" width=\"248\" height=\"252\" src=\"https:\/\/www.asociacija.si\/si\/wp-content\/uploads\/2025\/05\/KTS.png\" class=\"attachment-medium size-medium wp-post-image\" alt=\"\" style=\"max-width:150px;max-height:150px;\" \/><\/div><a class=\"wp-block-latest-posts__post-title\" href=\"https:\/\/www.asociacija.si\/si\/2025\/05\/29\/zdrave-pravljicne-urice\/\">Zdrave pravlji\u010dne urice<\/a><\/li>\n<\/ul>","protected":false},"excerpt":{"rendered":"<p>Katalog dobrih praks nastaja z namenom, da bi dvignili vidnost skupnostnih praks in pristopov v Sloveniji. Zanimajo nas prakse na prese\u010di\u0161\u010du kulture in zdravja ter dobrega po\u010dutja. Z mapiranjem praks, ki jih najdete spodaj, \u017eelimo spodbuditi kro\u017eenje znanja po dr\u017eavi ter onkraj nje. OBRAZEC ZA VNOS PRAKSE S spodnjimi orodji lahko nabor prikazanih praks zmanj\u0161ate, &hellip; <a href=\"https:\/\/www.asociacija.si\/si\/katalog-dobrih-praks-2\/\" class=\"more-link\">Preberi ve\u010d o <span class=\"screen-reader-text\">Katalog dobrih praks<\/span><\/a><\/p>\n","protected":false},"author":5,"featured_media":0,"parent":0,"menu_order":0,"comment_status":"closed","ping_status":"closed","template":"","meta":{"footnotes":""},"class_list":["post-9740","page","type-page","status-publish","hentry"],"_links":{"self":[{"href":"https:\/\/www.asociacija.si\/si\/wp-json\/wp\/v2\/pages\/9740","targetHints":{"allow":["GET"]}}],"collection":[{"href":"https:\/\/www.asociacija.si\/si\/wp-json\/wp\/v2\/pages"}],"about":[{"href":"https:\/\/www.asociacija.si\/si\/wp-json\/wp\/v2\/types\/page"}],"author":[{"embeddable":true,"href":"https:\/\/www.asociacija.si\/si\/wp-json\/wp\/v2\/users\/5"}],"replies":[{"embeddable":true,"href":"https:\/\/www.asociacija.si\/si\/wp-json\/wp\/v2\/comments?post=9740"}],"version-history":[{"count":16,"href":"https:\/\/www.asociacija.si\/si\/wp-json\/wp\/v2\/pages\/9740\/revisions"}],"predecessor-version":[{"id":10365,"href":"https:\/\/www.asociacija.si\/si\/wp-json\/wp\/v2\/pages\/9740\/revisions\/10365"}],"wp:attachment":[{"href":"https:\/\/www.asociacija.si\/si\/wp-json\/wp\/v2\/media?parent=9740"}],"curies":[{"name":"wp","href":"https:\/\/api.w.org\/{rel}","templated":true}]}}