{"id":9603,"date":"2025-01-24T10:56:46","date_gmt":"2025-01-24T10:56:46","guid":{"rendered":"https:\/\/www.asociacija.si\/si\/?page_id=9603"},"modified":"2025-03-07T09:21:11","modified_gmt":"2025-03-07T09:21:11","slug":"platforma-culturehealth","status":"publish","type":"page","link":"https:\/\/www.asociacija.si\/si\/platforma-culturehealth\/","title":{"rendered":"Platforma Culture&#038;Health"},"content":{"rendered":"\n<div style=\"height:34px\" aria-hidden=\"true\" class=\"wp-block-spacer\"><\/div>\n\n\n<div class=\"wp-block-image\">\n<figure class=\"aligncenter size-large is-resized\"><img loading=\"lazy\" decoding=\"async\" width=\"1024\" height=\"683\" src=\"https:\/\/www.asociacija.si\/si\/wp-content\/uploads\/2024\/11\/20241127_unbenannt_0005-1024x683.jpg\" alt=\"\" class=\"wp-image-9487\" style=\"aspect-ratio:1.499267935578331;width:549px;height:auto\" srcset=\"https:\/\/www.asociacija.si\/si\/wp-content\/uploads\/2024\/11\/20241127_unbenannt_0005-1024x683.jpg 1024w, https:\/\/www.asociacija.si\/si\/wp-content\/uploads\/2024\/11\/20241127_unbenannt_0005-300x200.jpg 300w, https:\/\/www.asociacija.si\/si\/wp-content\/uploads\/2024\/11\/20241127_unbenannt_0005-768x512.jpg 768w, https:\/\/www.asociacija.si\/si\/wp-content\/uploads\/2024\/11\/20241127_unbenannt_0005-1536x1024.jpg 1536w, https:\/\/www.asociacija.si\/si\/wp-content\/uploads\/2024\/11\/20241127_unbenannt_0005.jpg 1654w\" sizes=\"auto, (max-width: 1024px) 100vw, 1024px\" \/><figcaption class=\"wp-element-caption\">Foto: Ingo Schrader<\/figcaption><\/figure>\n<\/div>\n\n\n<p>Platforma CultureAndHealth je \u0161tiriletna iniciativa, ki poteka pod vodstvom evropske kulturne mre\u017ee <strong>Culture Action Europe<\/strong>, in je zasnovana za podporo ve\u010d kot 200 evropskim obetavnim umetnikom, ki delujejo na sti\u010di\u0161\u010du kulture, zdravja, oskrbe, izobra\u017eevanja in socialnega sektorja.&nbsp;Z zagotavljanjem finan\u010dnih sredstev, prilo\u017enosti za mobilnost in mre\u017eenje ter vidnostjo njihovega dela si pobuda prizadeva poudariti klju\u010dno vlogo kulture pri spodbujanju zdravja, dobrega po\u010dutja in dru\u017ebenih inovacij po vsej Evropi.<\/p>\n\n\n\n<h3 class=\"wp-block-heading has-text-align-center\"><a href=\"https:\/\/www.cultureandhealth.eu\/\">Spletna stran platforme<\/a><\/h3>\n\n\n\n<hr class=\"wp-block-separator has-alpha-channel-opacity\"\/>\n\n\n<ul style=\"font-style:normal;font-weight:700;text-transform:uppercase;\" class=\"wp-block-latest-posts__list is-grid columns-2 has-dates aligncenter wp-block-latest-posts has-medium-font-size\"><li><a class=\"wp-block-latest-posts__post-title\" href=\"https:\/\/www.asociacija.si\/si\/2026\/03\/30\/ples-proti-padcem-fizicna-socializacija-ppp\/\">Ples proti padcem \u2013 fizi\u010dna socializacija (PpP)<\/a><time datetime=\"2026-03-30T07:21:58+00:00\" class=\"wp-block-latest-posts__post-date\">30. marca 2026<\/time><\/li>\n<li><a class=\"wp-block-latest-posts__post-title\" href=\"https:\/\/www.asociacija.si\/si\/2026\/03\/26\/kar-cutimo-se-lahko-giblje-dialog-med-umetniskim-gibom-in-somatsko-prakso-za-zenske\/\">Kar \u010dutimo, se lahko giblje \u2013 DIALOG MED UMETNI\u0160KIM GIBOM IN SOMATSKO PRAKSO ZA \u017dENSKE<\/a><time datetime=\"2026-03-26T19:28:06+00:00\" class=\"wp-block-latest-posts__post-date\">26. marca 2026<\/time><\/li>\n<li><a class=\"wp-block-latest-posts__post-title\" href=\"https:\/\/www.asociacija.si\/si\/2026\/03\/26\/mehki-premiki-somatsko-psihosocialna-podpora-za-trajnost-v-plesnem-sektorju\/\">Mehki premiki: somatsko-psihosocialna podpora za trajnost v plesnem sektorju<\/a><time datetime=\"2026-03-26T15:26:13+00:00\" class=\"wp-block-latest-posts__post-date\">26. marca 2026<\/time><\/li>\n<li><a class=\"wp-block-latest-posts__post-title\" href=\"https:\/\/www.asociacija.si\/si\/2026\/02\/20\/zvocni-objem-brezplacne-zvocne-kopeli-za-raziskovanje-vpliva-zvoka-na-dozivljanje-tinitusa\/\">ZVO\u010cNI OBJEM: brezpla\u010dne zvo\u010dne kopeli za raziskovanje vpliva zvoka na do\u017eivljanje\u00a0tinitusa<\/a><time datetime=\"2026-02-20T11:46:47+00:00\" class=\"wp-block-latest-posts__post-date\">20. februarja 2026<\/time><\/li>\n<\/ul>\n\n\n<h3 class=\"wp-block-heading has-text-align-center\"><a href=\"https:\/\/forms.gle\/3DJ6UejG4JezMhxN6\">Naro\u010dite se na novi\u010dnik Kultura in zdravje<\/a><\/h3>\n\n\n\n<hr class=\"wp-block-separator has-alpha-channel-opacity\"\/>\n\n\n<div class=\"wp-block-image\">\n<figure class=\"aligncenter size-large is-resized\"><img loading=\"lazy\" decoding=\"async\" width=\"1024\" height=\"1024\" src=\"https:\/\/www.asociacija.si\/si\/wp-content\/uploads\/2025\/01\/CH-platform_logo-1024x1024.jpg\" alt=\"\" class=\"wp-image-9604\" style=\"aspect-ratio:1;width:245px;height:auto\" srcset=\"https:\/\/www.asociacija.si\/si\/wp-content\/uploads\/2025\/01\/CH-platform_logo-1024x1024.jpg 1024w, https:\/\/www.asociacija.si\/si\/wp-content\/uploads\/2025\/01\/CH-platform_logo-300x300.jpg 300w, https:\/\/www.asociacija.si\/si\/wp-content\/uploads\/2025\/01\/CH-platform_logo-150x150.jpg 150w, https:\/\/www.asociacija.si\/si\/wp-content\/uploads\/2025\/01\/CH-platform_logo-768x768.jpg 768w, https:\/\/www.asociacija.si\/si\/wp-content\/uploads\/2025\/01\/CH-platform_logo.jpg 1181w\" sizes=\"auto, (max-width: 1024px) 100vw, 1024px\" \/><\/figure>\n<\/div>\n\n\n<p>V sklopu platforme potekajo:<\/p>\n\n\n\n<ul class=\"wp-block-list\">\n<li>Nacionalne kontaktne to\u010dke za kulturo in zdravje: Umetniki bodo imeli dostop do mentorstva in podpore vrstnikov, ki jo zagotavljajo \u010dlani platforme CultureAndHealth po vsej EU.<\/li>\n<\/ul>\n\n\n\n<ul class=\"wp-block-list\">\n<li>Finan\u010dna sredstva in prilo\u017enosti za mobilnost: Ve\u010d kot 170 umetnikov bo imelo dostop do finan\u010dne podpore za izvedbo projektov ali za sodelovanje v mednarodnih u\u010dnih mobilnostih.<\/li>\n<\/ul>\n\n\n\n<ul class=\"wp-block-list\">\n<li>Krepitev zmogljivosti, usposabljanje in izmenjava znanja: Ve\u010d kot 60 spletnih in fizi\u010dnih usposabljanj v razli\u010dnih jezikih, dopolnjenih s 30 delavnicami za medsebojno u\u010denje.<\/li>\n<\/ul>\n\n\n\n<ul class=\"wp-block-list\">\n<li>Dogodki za predstavitev in mre\u017eenje: \u0160tiri mednarodne konference bodo potekale na Finskem, v Avstriji, Romuniji in v Belgiji. \u0160tevilni drugi dogodki v \u017eivo in na spletu bodo predstavili inovativne prakse pri povezovanju kulture in zdravja ter spodbujali povezave med umetniki, zdravstvenimi in oskrbnimi strokovnjaki ter drugimi dele\u017eniki.<\/li>\n<\/ul>\n\n\n\n<ul class=\"wp-block-list\">\n<li>Spletna baza umetnikov: Leta 2027 bo objavljeno digitalno orodje za povezovanje zdravstvenega in kulturnega sektorja.<\/li>\n<\/ul>\n\n\n\n<ul class=\"wp-block-list\">\n<li><strong>Vseevropski razpis za umetnike, ki jih zanima krepitev zmogljivosti \u2013 Umetni\u0161ki raziskovalni laboratoriji<\/strong><\/li>\n<\/ul>\n\n\n\n<p>RED NOSES International je v januarju 2025 za\u010del s prvim mednarodnim razpisom platforme za Umetni\u0161ki raziskovalni laboratorij z naslovom <strong>\u201eOblikovanje kolektivnih prostorov in raziskovanje meja\u201c<\/strong>, ki bo odprt do 28. februarja 2025.&nbsp;<\/p>\n\n\n\n<p>Projekt bo potekal od maja 2025 do januarja 2026 in ponuja obetavnim umetnikom uprizoritvenih umetnosti prilo\u017enost za u\u010denje in oblikovanje raziskovalnih vpra\u0161anj, povezanih z umetnostjo in zdravjem. S pomo\u010djo participativnega raziskovanja ter izmenjav z uveljavljenimi mentorji in somi\u0161ljeniki laboratorij spodbuja umetni\u0161ki razvoj ter raziskuje mo\u017enosti umetni\u0161kega raziskovanja na tem podro\u010dju.<\/p>\n\n\n\n<p>Umetni\u0161ko raziskovanje naj bi obravnavalo pere\u010da vpra\u0161anja o izvajanju umetni\u0161kih praks na podro\u010dju zdravja, oskrbe in skupnosti. Umetnike spodbujamo k raziskovanju vpra\u0161anj, ki se soo\u010dajo z razli\u010dnimi mejami njihovega dela \u2013 na primer med dr\u017eavami, umetni\u0161kimi disciplinami, spoli, umetniki in ob\u010dinstvom ter med umetni\u0161kimi organizacijami, bolni\u0161nicami in drugimi institucijami na prese\u010di\u0161\u010du umetnosti in zdravja.<\/p>\n\n\n\n<p>Platforma CultureAndHealth bo v \u0161tirih letih sku\u0161ala podpreti ve\u010d kot 200 umetnikov. Zaradi prora\u010dunskih omejitev lahko umetniki prejmejo sredstva zgolj v okviru enega razpisa platforme CultureAndHealth v naslednjih \u0161tirih letih (november 2024\u2013oktober 2028): to je za nacionalni razpis, evropski razpis ali za evropski razpis za mobilnost v okviru platforme.<\/p>\n\n\n\n<p><strong>Pomembne informacije:<\/strong><\/p>\n\n\n\n<p>1. Vsi nacionalni razpisi bodo zahtevali, da umetnik prebiva v dolo\u010deni dr\u017eavi, da bi omogo\u010dili dolgoro\u010dno sodelovanje med umetniki, skupnostmi, s katerimi delajo, in institucijami s podro\u010dja zdravstva, socialnega varstva ali izobra\u017eevanja.<\/p>\n\n\n\n<p>2. Platforma CultureAndHealth bo v \u0161tirih letih sku\u0161ala podpreti ve\u010d kot 200 umetnikov. Zaradi prora\u010dunskih omejitev lahko umetniki prejmejo sredstva zgolj v okviru enega razpisa platforme CultureAndHealth v naslednjih \u0161tirih letih (november 2024\u2013oktober 2028): nacionalni razpis, evropski razpis ali evropski razpis za mobilnost.<\/p>\n\n\n\n<p><strong>Usposabljanja in krepitev zmogljivosti<\/strong><\/p>\n\n\n\n<p>Platforma CultureAndHealth ponuja usposabljanja in krepitev zmogljivosti v razli\u010dnih jezikih. Nekatera od teh usposabljanj so specifi\u010dna za posamezne dr\u017eave, nekatera pa so mednarodna.<\/p>\n\n\n\n<p>Trenutne izobra\u017eevalne prilo\u017enosti bodo prispevale k nenehnemu izbolj\u0161evanju in usmeritvi dela udele\u017eencev na podlagi doseganja u\u010dinkov, ob tem pa ohranjale visoke standarde umetni\u0161ke kakovosti.<\/p>\n\n\n\n<p>Partnerji na platformi CultureAndHealth<\/p>\n\n\n\n<p>\u2022 <strong>Culture Action Europe:<\/strong> Bruselj, Belgija<\/p>\n\n\n\n<p>\u2022 <strong>European Regional and Local Health Authorities ASBL:<\/strong> Bruselj, Belgija<\/p>\n\n\n\n<p>\u2022 <strong>ARTS for HEALTH AUSTRIA:<\/strong> Dunaj, Avstrija<\/p>\n\n\n\n<p>\u2022 <strong>P\u00f4le Culture &amp; Sant\u00e9 en Nouvelle Aquitaine:<\/strong> Bordeaux, Francija<\/p>\n\n\n\n<p>\u2022 <strong>Kompetenscentrum f\u00f6r kultur och h\u00e4lsa:<\/strong> Stockholm, \u0160vedska<\/p>\n\n\n\n<p>\u2022 <strong>Cavan County Council for Cavan Monaghan Arts and Health:<\/strong> Irska<\/p>\n\n\n\n<p>\u2022 <strong>HumaQ:<\/strong> Wiesbaden, Nem\u010dija, v sodelovanju z Healing Culture Network<\/p>\n\n\n\n<p>\u2022 <strong>Turku University of Applied Sciences:<\/strong> Finska<\/p>\n\n\n\n<p>\u2022 <strong>Kulturni center Cluj:<\/strong> Romunija<\/p>\n\n\n\n<p>\u2022 <strong>Dru\u0161tvo Asociacija:<\/strong> Slovenija<\/p>\n\n\n\n<p>\u2022 <strong>Northern Dimension Partnership on Culture:<\/strong> Latvija<\/p>\n\n\n\n<p>\u2022 <strong>RED NOSES International:<\/strong> Dunaj, Avstrija<\/p>\n\n\n\n<p>\u2022 <strong>Associazione Culturale Oltre.APS:<\/strong> Bologna, Italija<\/p>\n\n\n\n<p>\u2022 <strong>ARC Research &amp; Consultancy, Arts Council Malta:<\/strong> Malta<\/p>\n\n\n\n<p>\u2022 <strong>Kunstloc Brabant:<\/strong> Tilburg, Nizozemska<\/p>\n\n\n\n<figure class=\"wp-block-image size-large\"><img loading=\"lazy\" decoding=\"async\" width=\"1024\" height=\"270\" src=\"https:\/\/www.asociacija.si\/si\/wp-content\/uploads\/2025\/01\/SL_Co-fundedbytheEU_RGB_POS-1024x270.png\" alt=\"EU logo\" class=\"wp-image-9605\" srcset=\"https:\/\/www.asociacija.si\/si\/wp-content\/uploads\/2025\/01\/SL_Co-fundedbytheEU_RGB_POS-1024x270.png 1024w, https:\/\/www.asociacija.si\/si\/wp-content\/uploads\/2025\/01\/SL_Co-fundedbytheEU_RGB_POS-300x79.png 300w, https:\/\/www.asociacija.si\/si\/wp-content\/uploads\/2025\/01\/SL_Co-fundedbytheEU_RGB_POS-768x202.png 768w, https:\/\/www.asociacija.si\/si\/wp-content\/uploads\/2025\/01\/SL_Co-fundedbytheEU_RGB_POS-1536x405.png 1536w, https:\/\/www.asociacija.si\/si\/wp-content\/uploads\/2025\/01\/SL_Co-fundedbytheEU_RGB_POS-2048x540.png 2048w\" sizes=\"auto, (max-width: 1024px) 100vw, 1024px\" \/><\/figure>\n\n\n\n<p>Izra\u017eena stali\u0161\u010da in mnenja pripadajo izklju\u010dno avtorjem in ne odra\u017eajo nujno stali\u0161\u010d Evropske unije ali EACEA. Evropska unija ali financer za izra\u017eena stali\u0161\u010da ne odgovarjata.<\/p>\n\n\n\n<div style=\"height:100px\" aria-hidden=\"true\" class=\"wp-block-spacer\"><\/div>\n\n\n\n<div style=\"height:100px\" aria-hidden=\"true\" class=\"wp-block-spacer\"><\/div>\n","protected":false},"excerpt":{"rendered":"<p>Platforma CultureAndHealth je \u0161tiriletna iniciativa, ki poteka pod vodstvom evropske kulturne mre\u017ee Culture Action Europe, in je zasnovana za podporo ve\u010d kot 200 evropskim obetavnim umetnikom, ki delujejo na sti\u010di\u0161\u010du kulture, zdravja, oskrbe, izobra\u017eevanja in socialnega sektorja.&nbsp;Z zagotavljanjem finan\u010dnih sredstev, prilo\u017enosti za mobilnost in mre\u017eenje ter vidnostjo njihovega dela si pobuda prizadeva poudariti klju\u010dno vlogo &hellip; <a href=\"https:\/\/www.asociacija.si\/si\/platforma-culturehealth\/\" class=\"more-link\">Preberi ve\u010d o <span class=\"screen-reader-text\">Platforma Culture&#038;Health<\/span><\/a><\/p>\n","protected":false},"author":5,"featured_media":0,"parent":0,"menu_order":0,"comment_status":"closed","ping_status":"closed","template":"","meta":{"footnotes":""},"class_list":["post-9603","page","type-page","status-publish","hentry"],"_links":{"self":[{"href":"https:\/\/www.asociacija.si\/si\/wp-json\/wp\/v2\/pages\/9603","targetHints":{"allow":["GET"]}}],"collection":[{"href":"https:\/\/www.asociacija.si\/si\/wp-json\/wp\/v2\/pages"}],"about":[{"href":"https:\/\/www.asociacija.si\/si\/wp-json\/wp\/v2\/types\/page"}],"author":[{"embeddable":true,"href":"https:\/\/www.asociacija.si\/si\/wp-json\/wp\/v2\/users\/5"}],"replies":[{"embeddable":true,"href":"https:\/\/www.asociacija.si\/si\/wp-json\/wp\/v2\/comments?post=9603"}],"version-history":[{"count":16,"href":"https:\/\/www.asociacija.si\/si\/wp-json\/wp\/v2\/pages\/9603\/revisions"}],"predecessor-version":[{"id":9834,"href":"https:\/\/www.asociacija.si\/si\/wp-json\/wp\/v2\/pages\/9603\/revisions\/9834"}],"wp:attachment":[{"href":"https:\/\/www.asociacija.si\/si\/wp-json\/wp\/v2\/media?parent=9603"}],"curies":[{"name":"wp","href":"https:\/\/api.w.org\/{rel}","templated":true}]}}