{"id":9588,"date":"2025-01-20T08:54:24","date_gmt":"2025-01-20T08:54:24","guid":{"rendered":"https:\/\/www.asociacija.si\/si\/?page_id=9588"},"modified":"2025-12-08T10:30:35","modified_gmt":"2025-12-08T10:30:35","slug":"care","status":"publish","type":"page","link":"https:\/\/www.asociacija.si\/si\/care\/","title":{"rendered":"CARE"},"content":{"rendered":"\n<p>Ve\u010d kot <strong>85 milijonov prebivalcev EU<\/strong> se soo\u010da z izzivi na podro\u010dju du\u0161evnega zdravja. Projekt <strong>CARE<\/strong> odgovarja na to pere\u010do dru\u017ebeno potrebo s preu\u010devanjem in spodbujanjem neizkori\u0161\u010denega potenciala kulture in umetnosti za krepitev dobrobiti. Cilj projekta je ponuditi tako <strong>strukturne kot individualne re\u0161itve<\/strong>, pri \u010demer kulturno udejstvovanje slu\u017ei kot katalizator za <strong>promocijo zdravja, krepitev odpornosti in socialno vklju\u010denost<\/strong>. V projektu sodelujejo strokovnjaki iz razli\u010dnih sektorjev \u2013 <strong>kulture, zdravstva, izobra\u017eevanja in gospodarstva<\/strong>.<\/p>\n\n\n\n<h3 class=\"wp-block-heading has-text-align-center\"><a href=\"https:\/\/culturecares.eu\/\">Spletna stran projekta<\/a><\/h3>\n\n\n\n<h3 class=\"wp-block-heading has-text-align-center\"><a href=\"https:\/\/culturecares.eu\/\">Naro\u010dite se na novi\u010dnik projekta CARE<\/a><\/h3>\n\n\n\n<hr class=\"wp-block-separator has-alpha-channel-opacity\"\/>\n\n\n<ul style=\"text-transform:uppercase;\" class=\"wp-block-latest-posts__list is-grid columns-2 wp-block-latest-posts has-medium-font-size\"><li><a class=\"wp-block-latest-posts__post-title\" href=\"https:\/\/www.asociacija.si\/si\/2026\/03\/26\/poziv-za-kulturne-in-umetniske-prakse-sodelovanje-v-projektu-certifikat-kulturno-podjetje\/\">Poziv za kulturne in umetni\u0161ke prakse &#8211; sodelovanje v projektu Certifikat kulturno podjetje<\/a><\/li>\n<li><a class=\"wp-block-latest-posts__post-title\" href=\"https:\/\/www.asociacija.si\/si\/2026\/01\/30\/prvo-leto-projekta-kultura-za-dusevno-zdravje\/\">Prvo leto projekta Kultura za du\u0161evno zdravje<\/a><\/li>\n<li><a class=\"wp-block-latest-posts__post-title\" href=\"https:\/\/www.asociacija.si\/si\/2025\/12\/30\/leto-povezovanja-umetnosti-in-dusevnega-zdravja\/\">Leto povezovanja umetnosti in du\u0161evnega zdravja<\/a><\/li>\n<li><a class=\"wp-block-latest-posts__post-title\" href=\"https:\/\/www.asociacija.si\/si\/2025\/10\/30\/kultura-in-zdravje-politika-politike-in-prakse\/\">Kultura in zdravje \u2013 Politika, politike in prakse<\/a><\/li>\n<\/ul>\n\n<div class=\"wp-block-image\">\n<figure class=\"aligncenter size-full is-resized\"><img loading=\"lazy\" decoding=\"async\" width=\"1023\" height=\"598\" src=\"https:\/\/www.asociacija.si\/si\/wp-content\/uploads\/2025\/03\/CARE-logo.png\" alt=\"\" class=\"wp-image-9838\" style=\"width:529px;height:auto\" srcset=\"https:\/\/www.asociacija.si\/si\/wp-content\/uploads\/2025\/03\/CARE-logo.png 1023w, https:\/\/www.asociacija.si\/si\/wp-content\/uploads\/2025\/03\/CARE-logo-300x175.png 300w, https:\/\/www.asociacija.si\/si\/wp-content\/uploads\/2025\/03\/CARE-logo-768x449.png 768w\" sizes=\"auto, (max-width: 1023px) 100vw, 1023px\" \/><\/figure>\n<\/div>\n\n\n<h4 class=\"wp-block-heading has-text-align-center\"><strong>Sodelovanje brez meja<\/strong><\/h4>\n\n\n\n<p>Projekt CARE zdru\u017euje partnerje iz osmih evropskih dr\u017eav:<\/p>\n\n\n\n<ul class=\"wp-block-list\">\n<li><a href=\"https:\/\/cccluj.ro\/\"><strong>Kulturni center Cluj<\/strong> (Romunija) \u2013 vodja projekta<\/a><\/li>\n\n\n\n<li><a href=\"https:\/\/www.efa-aef.eu\/en\/home\/\"><strong>Evropsko zdru\u017eenje festivalov<\/strong> (Belgija)<\/a><\/li>\n\n\n\n<li><strong>Dru\u0161tvo Asociacija<\/strong> (Slovenija)<\/li>\n\n\n\n<li><a href=\"https:\/\/cultureactioneurope.org\/\"><strong>Culture Action Europe<\/strong> (Belgija)<\/a><\/li>\n\n\n\n<li><a href=\"https:\/\/ndpculture.org\/ndpc\/\"><strong>Partnerstvo Severne dimenzije za kulturo<\/strong> (Latvija)<\/a><\/li>\n\n\n\n<li><a href=\"https:\/\/www.artsforhealthaustria.eu\/en\/home\/\"><strong>Arts for Health Austria<\/strong> (Avstrija)<\/a><\/li>\n\n\n\n<li><a href=\"https:\/\/www.bozar.be\/en\"><strong>Center za likovno umetnost | Bozar Bruselj<\/strong> (Belgija)<\/a><\/li>\n<\/ul>\n\n\n\n<p>Konzorcij zdru\u017euje \u0161irok spekter strokovnega znanja in mre\u017e, kar zagotavlja <strong>celovit in vklju\u010dujo\u010d pristop<\/strong> k uresni\u010devanju ciljev projekta.<\/p>\n\n\n\n<h4 class=\"wp-block-heading has-text-align-center\"><strong>Inovativni programi in aktivnosti<\/strong><\/h4>\n\n\n\n<p>Projekt CARE bo klju\u010dne izzive naslavljal skozi tri temeljne stebre aktivnosti:<\/p>\n\n\n\n<ul class=\"wp-block-list\">\n<li><strong>U\u010denje:<\/strong> Krepitev zmogljivosti strokovnjakov s podro\u010dja umetnosti in zdravja prek <strong>delavnic, strokovnih panelov in miselnega centra Arts and Health Think Tank<\/strong>.<\/li>\n\n\n\n<li><strong>Inovacije:<\/strong> Organizacija <strong>laboratorijev za dru\u017ebene inovacije<\/strong>, osredoto\u010denih na du\u0161evno zdravje mladih, dobrobit na delovnem mestu in dostopnost za osebe z oviranostmi.<\/li>\n\n\n\n<li><strong>Deljenje:<\/strong> Vzpostavitev <strong>mobilnih sredi\u0161\u010d CultureForHealth<\/strong> v \u0161estih evropskih mestih \u2013 <strong>Bruslju, Cluju, Ljubljani, Dunaju, Rigi in Vilni<\/strong> \u2013 za spodbujanje sodelovanja, zagovorni\u0161tva in medsektorskega povezovanja.<\/li>\n<\/ul>\n\n\n\n<p><em>&#8220;Projekt CARE ni zgolj pobuda, ampak gibanje, ki postavlja kulturo v sredi\u0161\u010de celostnih re\u0161itev za du\u0161evno zdravje in dobrobit. S skupnimi prizadevanji \u010dez meje \u017eelimo oblikovati bolj zdrave, sre\u010dnej\u0161e, povezane in odporne skupnosti,&#8221;<\/em> je poudarila <strong>Rari\u021ba Zbranca, programska direktorica Kulturnega centra Cluj<\/strong>.<\/p>\n\n\n\n<h4 class=\"wp-block-heading has-text-align-center\"><strong>Pri\u010dakovani vpliv<\/strong><\/h4>\n\n\n\n<p>Projekt CARE bo <strong>v petih dr\u017eavah<\/strong> neposredno vklju\u010dil ve\u010d kot <strong>1.500 posameznikov<\/strong> v participativne umetni\u0161ke dejavnosti, usposobil <strong>preko 600 strokovnjakov<\/strong> in ozave\u0161\u010dal ve\u010d kot <strong>milijon ljudi<\/strong>. S pomo\u010djo <strong>inovativnih politi\u010dnih priporo\u010dil, priro\u010dnikov in zagovorni\u0161kih pobud<\/strong> bo projekt pustil trajen pe\u010dat na podro\u010dju zdravstvenih in kulturnih politik v Evropi.<\/p>\n\n\n\n<p>Za obele\u017eitev za\u010detka projekta CARE je <strong>25. in 26. novembra<\/strong> na Dunaju potekal uradni otvoritveni dogodek.<\/p>\n\n\n\n<p>Projekt <strong>CARE \u2013 Kultura za du\u0161evno zdravje<\/strong> financira program <strong>Ustvarjalna Evropa<\/strong> Evropske unije. S prora\u010dunom <strong>1,4 milijona evrov<\/strong> bo projekt potekal od <strong>novembra 2024 do decembra 2027<\/strong>, pri \u010demer bo raziskoval sti\u010di\u0161\u010de <strong>umetnosti, kulture in du\u0161evnega zdravja za bolj zdravo prihodnost<\/strong>.<\/p>\n","protected":false},"excerpt":{"rendered":"<p>Ve\u010d kot 85 milijonov prebivalcev EU se soo\u010da z izzivi na podro\u010dju du\u0161evnega zdravja. Projekt CARE odgovarja na to pere\u010do dru\u017ebeno potrebo s preu\u010devanjem in spodbujanjem neizkori\u0161\u010denega potenciala kulture in umetnosti za krepitev dobrobiti. Cilj projekta je ponuditi tako strukturne kot individualne re\u0161itve, pri \u010demer kulturno udejstvovanje slu\u017ei kot katalizator za promocijo zdravja, krepitev odpornosti &hellip; <a href=\"https:\/\/www.asociacija.si\/si\/care\/\" class=\"more-link\">Preberi ve\u010d o <span class=\"screen-reader-text\">CARE<\/span><\/a><\/p>\n","protected":false},"author":5,"featured_media":0,"parent":0,"menu_order":0,"comment_status":"closed","ping_status":"closed","template":"","meta":{"footnotes":""},"class_list":["post-9588","page","type-page","status-publish","hentry"],"_links":{"self":[{"href":"https:\/\/www.asociacija.si\/si\/wp-json\/wp\/v2\/pages\/9588","targetHints":{"allow":["GET"]}}],"collection":[{"href":"https:\/\/www.asociacija.si\/si\/wp-json\/wp\/v2\/pages"}],"about":[{"href":"https:\/\/www.asociacija.si\/si\/wp-json\/wp\/v2\/types\/page"}],"author":[{"embeddable":true,"href":"https:\/\/www.asociacija.si\/si\/wp-json\/wp\/v2\/users\/5"}],"replies":[{"embeddable":true,"href":"https:\/\/www.asociacija.si\/si\/wp-json\/wp\/v2\/comments?post=9588"}],"version-history":[{"count":7,"href":"https:\/\/www.asociacija.si\/si\/wp-json\/wp\/v2\/pages\/9588\/revisions"}],"predecessor-version":[{"id":10605,"href":"https:\/\/www.asociacija.si\/si\/wp-json\/wp\/v2\/pages\/9588\/revisions\/10605"}],"wp:attachment":[{"href":"https:\/\/www.asociacija.si\/si\/wp-json\/wp\/v2\/media?parent=9588"}],"curies":[{"name":"wp","href":"https:\/\/api.w.org\/{rel}","templated":true}]}}