{"id":74,"date":"2016-05-16T20:10:05","date_gmt":"2016-05-16T20:10:05","guid":{"rendered":"http:\/\/www.asociacija.si\/si\/?page_id=74"},"modified":"2026-04-21T12:40:56","modified_gmt":"2026-04-21T12:40:56","slug":"o-nas","status":"publish","type":"page","link":"https:\/\/www.asociacija.si\/si\/o-nas\/","title":{"rendered":"O nas"},"content":{"rendered":"<p><strong id=\"poslanstvo\">POSLANSTVO<\/strong><\/p>\n<p>Asociacija posku\u0161a zagotavljati trajnostne pogoje za profesionalno delovanje nevladnih organizacij in samostojnih ustvarjalcev, dejavnih v umetnosti in kulturi, ter si prizadeva za izbolj\u0161anje njihovega sistemskega polo\u017eaja.\u00a0Mre\u017ea je za\u010dela neformalno delovati leta 1992, danes pa je profesionalno koordinirana sodobna zagovorni\u0161ka in servisna organizacija.<\/p>\n<p><strong>Asociacija poslanstvo uresni\u010duje:<\/strong><br \/>(1) s povezovanjem, artikuliranjem in zastopanjem skupnih interesov \u010dlanov mre\u017ee napram razli\u010dnim dele\u017enikom;<br \/>(2) s kontinuiranim in strukturiranim zagovorni\u0161tvom in oblikovanjem politik (lokalni, nacionalni, zahodno-balkanski in evropski nivo);<br \/>(3) s promocijo sektorja preko informiranja, organiziranja javnih dogodkov in raziskovanja razli\u010dnih vidikov kulturne politike;<br \/>(4) z mre\u017eenjem z akterji s podobnimi interesi na evropskem, nacionalnem in lokalnem nivoju;<br \/>(5) s povezovanjem s strate\u0161kimi partnerji in internacionalizacijo;<br \/>(6) s spodbujanjem partnerstva znotraj in izven NVO sektorja v kulturi.<br \/>(7) s krepitvijo kapacitet NVO v kulturi z usposabljanji, svetovanji in mentorstvi.<\/p>\n<p>Asociacija je demokrati\u010dna mre\u017ea ustvarjalcev v polju neodvisne kulture, ki si med seboj izmenjujejo izku\u0161nje ter skupaj gradijo mo\u010dno zagovorni\u0161ko organizacijo, ki deluje na podlagi strokovnih kompetenc in poznavanja terena ter gradi partnerske odnose z odlo\u010devalci z namenom izbolj\u0161anja stanja v kulturi, hkrati pa ponuja oporo svojim \u010dlanom z razvejano peer-to-peer mre\u017eo.<\/p>\n<p><strong>Vizija<\/strong><br \/><span style=\"line-height: 1.6471;\">S skrbnim in profesionalnim razvojem ter delovanjem, z u\u010dinkovitim in uspe\u0161nim zagovorni\u0161kim delom ter z nudenjem kvalitetnih podpornih storitev \u017eelimo biti\u00a0verodostojen partner pri ume\u0161\u010danju kulture in umetnosti med pospe\u0161evalce razvoja dru\u017ebe. to lahko storimo s posodobitvijo kulturno politi\u010dnega sistema, ki bo spodbujal kulturno in umetni\u0161ko raznolikost in ustvarjal pogoje za enakopraven dostop do \u0161tevilnih kulturnih vsebin.<\/span><\/p>\n<p><strong>Vrednote, ki nas usmerjajo:\u00a0<\/strong><br \/>Demokrati\u010dnost, solidarnosti, enakopravnost, transparentnost, strukturiran civilno-dru\u017ebeni dialog, trajnostni razvoj, sistemska urejenost.<\/p>\n<hr \/>\n<p><strong id=\"organizacija\">ORGANIZACIJA<\/strong><\/p>\n<hr \/>\n<p><strong id=\"clanstvo\">\u010cLANSTVO<\/strong><\/p>\n<p>Asociacija je \u010dlanska organizacija. Seznam vseh \u010dlanov si lahko <a href=\"https:\/\/www.asociacija.si\/si\/2015\/12\/14\/clanstvo-asociacije-nevladne-organizacije\/\">ogledate na tej povezavi<\/a>.<\/p>\n<p>Asociacijo koordinira strokovna slu\u017eba. Nad na\u0161im delom bdi upravni odbor, enkrat letno pa se vsi <a href=\"https:\/\/www.asociacija.si\/si\/vclanite-se\/\">\u010dlani<\/a> sre\u010damo na ob\u010dnem zboru.<\/p>\n<p><strong>Strokovna slu\u017eba:<\/strong><\/p>\n<p>Polona Torkar, strokovna vodja<br \/>(polona.torkar [at] asociacija.si)<\/p>\n<p>An\u017ee Dolinar, strokovni sodelavec<br \/>(anze.dolinar [at] asociacija.si)<\/p>\n<p>Sabrina Lever, strokovna sodelavka<br \/>(sabrina.lever [at] asociacija.si)<\/p>\n<p>Danilo Milovanovi\u0107 &#8211; projektni sodelavec<br \/>(danilo.milovanovic [at] asociacija.si)<\/p>\n<p>Za servisna vpra\u0161anja \u010dlanov in ne\u010dlanov smo dosegljivi smo telefonsko dosegljivi vsak \u010detrtek med 09:00 in 15:00 na \u0161tevilki 051\/773 \u2013 611, vselej pa na servis [at] asociacija.si. Odgovor na va\u0161a vpra\u0161anja, za katera prosimo, da jih kar najbolj opredelite, lahko pri\u010dakujete v okvirno 14 dni, prej pa, \u010de ozna\u010dite v naslovu, da je zadeva urgentne narave. Na\u0161i prostori so v\u00a0 2. nadstropju Dalmatinove 4, 1000 Ljubljana.<\/p>\n<p><strong>Organi:<\/strong><br \/><em>Predsednik:<\/em> Uro\u0161 Veber\/<a href=\"http:\/\/www.projekt-atol.si\/\">Zavod Projekt Atol<\/a> (<em>pristojen tudi za mednarodne dejavnosti in intelektualno lastnino)<\/em><\/p>\n<p><em>Podpredsednik:<\/em> Miha Satler\/samostojni delavec v kulturi<\/p>\n<p><em>Podpredsednica: <\/em>Valentina Rajakovi\u0107\/<a href=\"https:\/\/radiostudent.si\/\">Radio \u0160tudent<\/a> (<em>pristojna tudi za medije<\/em>)<\/p>\n<p><strong>Upravni odbor:<\/strong><br \/><em>Intermedijske dejavnosti:<\/em> Jurij Krpan\/<a href=\"http:\/\/kersnikova.org\/\">Zavod Kersnikova<\/a><br \/><em>Uprizoritvene dejavnosti:<\/em> <span data-sheets-value=\"{&quot;1&quot;:2,&quot;2&quot;:&quot;\u0160pela Kopitar&quot;}\" data-sheets-userformat=\"{&quot;2&quot;:8961,&quot;3&quot;:{&quot;1&quot;:0},&quot;11&quot;:4,&quot;12&quot;:0,&quot;16&quot;:10}\">\u0160pela Kopitar<\/span>\/<a href=\"https:\/\/www.bunker.si\/\">Bunker<\/a><br \/><span data-sheets-value=\"{&quot;1&quot;:2,&quot;2&quot;:&quot;Borut Jerman&quot;}\" data-sheets-userformat=\"{&quot;2&quot;:11075,&quot;3&quot;:{&quot;1&quot;:0},&quot;4&quot;:{&quot;1&quot;:2,&quot;2&quot;:16777215},&quot;9&quot;:0,&quot;11&quot;:4,&quot;12&quot;:0,&quot;14&quot;:{&quot;1&quot;:2,&quot;2&quot;:3355443},&quot;16&quot;:10}\"><em>Lokalne kulturne politike:<\/em> Petra Hazabent<\/span><br \/><em>Raziskave in analize ter enakost spolov:<\/em> Ur\u0161ka Je\u017e\/<a href=\"http:\/\/www.cityofwomen.org\/\">Mesto \u017eensk<\/a><br \/><em>Zalo\u017eni\u0161ke dejavnosti in film:<\/em> <span data-sheets-value=\"{&quot;1&quot;:2,&quot;2&quot;:&quot;Alja Lobnik&quot;}\" data-sheets-userformat=\"{&quot;2&quot;:11075,&quot;3&quot;:{&quot;1&quot;:0},&quot;4&quot;:{&quot;1&quot;:2,&quot;2&quot;:16777215},&quot;9&quot;:0,&quot;11&quot;:4,&quot;12&quot;:0,&quot;14&quot;:{&quot;1&quot;:2,&quot;2&quot;:3355443},&quot;16&quot;:10}\">Alja Lobnik<\/span>\/<a href=\"http:\/\/www.maska.si\/\">Zavod Maska<\/a><br \/><em>Lokalne kulturne politike:<\/em> <span data-sheets-value=\"{&quot;1&quot;:2,&quot;2&quot;:&quot;Sanja Popov Leban&quot;}\" data-sheets-userformat=\"{&quot;2&quot;:11075,&quot;3&quot;:{&quot;1&quot;:0},&quot;4&quot;:{&quot;1&quot;:2,&quot;2&quot;:16777215},&quot;9&quot;:0,&quot;11&quot;:4,&quot;12&quot;:0,&quot;14&quot;:{&quot;1&quot;:2,&quot;2&quot;:3355443},&quot;16&quot;:10}\">Sanja Popov Leban<\/span>\/<a href=\"http:\/\/www.zvezaminktolmin.org\/?fbclid=IwAR26HupazCRnizhZK9-Zz5FJmkWeSaor5dpcxQXn2xWuFcr4xKmxF4-r9CA\">Zveza Mink Tolmin<\/a><br \/><em>Samostojni ustvarjalci in medsektorsko povezovanje &#8211; zdravje: <\/em>Polona Torkar\/ <a href=\"https:\/\/www.asociacija.si\/si\/\">Dru\u0161tvo Asociacija<\/a><a href=\"http:\/\/www.skuc.org\"><br \/><\/a><em>Glasba in samostojni ustvarjalci: <\/em>Nik Drozg<br \/><em>Mednarodna dejavnost<\/em>: Barbara Po\u010dek\/<a href=\"http:\/\/www.glej.si\">Glej<\/a><em><br \/>Medsektorsko povezovanje &#8211; KUV, mladi, ranljive skupine: <\/em>Olivija Grafenauer\/<a href=\"https:\/\/www.drustvoimpro.si\/\">Impro<\/a><em><br \/><\/em><\/p>\n<p>Ve\u010d o delovanju in organiziranosti Asociacije si lahko preberete v na\u0161em <a href=\"https:\/\/drive.google.com\/file\/d\/1mgvglsoeg-_RsOWt-E6EzD75H8pYlkS9\/view?usp=sharing\">statutu<\/a>\u00a0in <a href=\"https:\/\/www.asociacija.si\/si\/wp-content\/uploads\/2021\/05\/Pravilnik-o-volitvah-in-imenovanjih_2019.pdf\">pravilniku o volitvah in imenovanjih<\/a>.<\/p>\n<p>Povezujemo se na lokalni, nacionalni in mednarodni ravni ter medsektorsko. Smo del regionalne mre\u017ee na Zahodnem Balkanu <a href=\"http:\/\/platforma-kooperativa.org\/hr\/article\/pilot-programme-exchange-and-cooperation-region-un\/\">Kooperativa<\/a> in <a href=\"http:\/\/cultureactioneurope.org\/\">Culture Action Europe<\/a> na ravni Evropske unije ter \u010dlani <a href=\"https:\/\/eaipa.eu\/\">EAIPA &#8211; Evropskega zdru\u017eenja neodvisnih uprizoritvenih umetnosti<\/a>.<\/p>\n<hr \/>\n<p><strong>IZBOR PRETEKLIH IN SEDANJIH PROJEKTOV<\/strong><\/p>\n<p><strong>Nosilci projektov:<\/strong><\/p>\n<p>Ime projekta: CARE &#8211; Culture for Mental Health<br \/>Leto izvedbe: 2024-2027<br \/>Financer: Evropska unija<\/p>\n<p>Ime projekta: CultureAndHealth Platform<br \/>Leto izvedbe: 2024-2028<br \/>Financer: Evropska unija<\/p>\n<p>Ime projekta: <a href=\"https:\/\/www.asociacija.si\/si\/2023\/08\/30\/asociacija-partner-v-evropskem-projektu-operacija-nova\/\">OPE.N<\/a><br \/>Leto izvedbe: 2024-2027<br \/>Financer: Evropska unija<\/p>\n<p>Ime projekta: Kulturni program podpornega okolja<br \/>Leto izvedbe: 2024-2027<br \/>Financer: Mestna ob\u010dina Ljubljana<\/p>\n<p>Ime projekta: Povezani in podprti pri rasti: vsebinska NVO mre\u017ea za krepitev polo\u017eaja in u\u010dinka nevladne kulture<br \/>Leto izvedbe: 2024-2025<br \/>Financer: Ministrstvo za kulturo<\/p>\n<p>Ime projekta: <a href=\"https:\/\/www.asociacija.si\/si\/kulturosfera\/\">Kulturosfera<\/a><br \/>Leto izvedbe: 2020, 2021, 2022, 2023, 2024, 2025<br \/>Financer: Ministrstvo za kulturo<\/p>\n<p>Ime projekta: <a href=\"https:\/\/www.asociacija.si\/si\/2020\/03\/04\/obveznosti-moznosti-in-priloznosti-za-ustvarjalce\/\">Obveznosti, mo\u017enosti in prilo\u017enosti za ustvarjalce<\/a><br \/>Leto izvedbe: 2020<br \/>Financerji: Center za kreativnost, Evropski sklad za regionalni razvoj<\/p>\n<p>Ime projekta: <a href=\"https:\/\/www.asociacija.si\/si\/2020\/03\/04\/prostori-za-poklicne-nvo-v-kulturi\/\">Prostori za poklicne NVO v kulturi<\/a><br \/>Leto izvedbe: 2019-2020<br \/>Financerji: Regionalni akcijski kulturni laboratorij RegLab<\/p>\n<p>Ime projekta: <a href=\"https:\/\/www.asociacija.si\/si\/2019\/11\/05\/certifikat-kulturno-podjetje\/\">Certifikat Kulturno podjetje<\/a><br \/>Leto izvedbe: 2019-2021<br \/>Financerji: Ministrstvo za javno upravo RS<\/p>\n<p>Ime projekta:\u00a0<a href=\"https:\/\/www.asociacija.si\/si\/2019\/06\/06\/kulturni-podcasti-medsektorsko-povezovanje-kulture\/\">Kulturni podcasti: medsektorsko povezovanje kulture<\/a><br \/>Leto izvedbe: 2019<br \/>Financerji: Ministrstvo za kulturo RS<\/p>\n<p>Ime projekta: <a href=\"https:\/\/www.asociacija.si\/si\/2018\/12\/06\/servis-za-samozaposlene-iz-kulture-in-kreativnih-industrij\/\">Servis za samozaposlene iz kulture in kreativnih industrij<\/a><br \/>Leto izvedbe: 2018-2019<br \/>Financerji: Ministrstvo za javno upravo RS<\/p>\n<p>Ime projekta:\u00a0<a href=\"https:\/\/www.asociacija.si\/si\/2015\/10\/30\/kultura-za-ustvarjalen-razvoj\/\">Kultura za ustvarjalen razvoj<\/a><br \/>Leto izvedbe: 2015-2019<br \/>Financerji: Evropska unija\/Evropski socialni sklad<\/p>\n<p>Ime projekta:\u00a0<a href=\"https:\/\/www.asociacija.si\/si\/2015\/10\/30\/umescanje-nvo-v-kulturi\/\">Ume\u0161\u010danje NVO v kulturi<\/a><br \/>Leto izvedbe: 2014-2015<br \/>Financerji: Evropska unija\/Evropski socialni sklad<\/p>\n<p>Ime projekta: <a href=\"https:\/\/www.asociacija.si\/si\/2015\/10\/30\/bifc-regionalno-sredisce\/\">BIFC regionalno sredi\u0161\u010de<\/a><br \/>Leto izvedbe: 2010<br \/>Financerji: Institucija Odprta dru\u017eba<\/p>\n<p>Ime projekta: <a href=\"https:\/\/www.asociacija.si\/si\/2015\/10\/30\/mrezenje-in-krepitev-kapacitet-nvo-v-kulturi\/\">Mre\u017eenje in krepitev kapacitet v kulturi<\/a><br \/>Leto izvedbe: 2009-2010<br \/>Financerji: Evropska unija\/Evropski socialni sklad<\/p>\n<p><strong>Partnerji pri projektih:<\/strong><br \/>Ime projekta:\u00a0<a href=\"https:\/\/www.asociacija.si\/si\/2015\/10\/30\/projekt-odprte-institucije\/\">Odprte institucije<\/a><br \/>Leto izvedbe: 2011<br \/>Financerji: Europe for citizens, partnerji<\/p>\n<hr \/>\n<p><strong>PORO\u010cILA O DELU<\/strong><\/p>\n<p><strong>Letna finan\u010dna poro\u010dila:<\/strong><\/p>\n<p><a href=\"https:\/\/drive.google.com\/file\/d\/1cnl7R-fNtuM1WmnwhGTRTIpmnAkDoqx1\/view?usp=sharing\">2024<\/a>, <a href=\"https:\/\/drive.google.com\/file\/d\/1ohlilnol66tWIZrl11kqOhuOJ2t4wfg4\/view?usp=sharing\">2023<\/a>, <a href=\"https:\/\/drive.google.com\/file\/d\/1RMXENaxPOkeXMU_uCAfiOM-5e81nLydP\/view?usp=sharing\">2022<\/a><\/p>\n<p><strong>Letna vsebinska poro\u010dila:<\/strong><\/p>\n<p><a href=\"https:\/\/docs.google.com\/document\/d\/1CHSUWaIXIPPL82mLIYK7Q1_Y9s6wonwvFqSQTRwbFVw\/edit?usp=sharing\">2024<\/a>, <a href=\"https:\/\/drive.google.com\/file\/d\/1OLKkGbEd6W8muTjB0cYu4sQgoqw9eZvs\/view?usp=sharing\">2023<\/a>, <a href=\"https:\/\/drive.google.com\/file\/d\/1ltuqIssTnzKA0iGhNLH6GAWcfWT_t2wB\/view?usp=sharing\">2022<\/a><\/p>\n<hr \/>\n<p><strong>Javna informacija o zaposlitvah v organizaciji<\/strong><\/p>\n<p>V Asociaciji so na dan 1. 1. 2026 redno zaposleni dve osebi, obe za polni delovni \u010das. V delo pisarne so kot zunanji strokovni sodelavci vklju\u010dene \u0161e tri osebe, od tega en samostojni delavec v kulturi in dva samostojna podjetnika. Razmerje med najvi\u0161jo in najni\u017ejo pla\u010do v primeru, da primerjamo polne zaposlitve zna\u0161a 1 : 1.<\/p>\n<hr \/>\n<p><strong id=\"partnerji\">PARTNERJI<\/strong><\/p>\n<p><a href=\"http:\/\/cultureactioneurope.org\/\">Cultural Action Europe<\/a><\/p>\n<p><a href=\"https:\/\/eaipa.eu\/\">Stronger Together &#8211; EAIPA<\/a><\/p>\n<p><a href=\"http:\/\/platforma-kooperativa.org\">Kooperativa<\/a><\/p>\n<p><a href=\"http:\/\/www.cnvos.info\/index\">CNVOS<\/a><\/p>\n<hr \/>\n<p><strong>KONTAKTI<\/strong><\/p>\n<p>Servisna vpra\u0161anja za pomo\u010d samozaposlenim ali nevladnim organizacijam nam posredujte na:<\/p>\n<p>servis [at] asociacija.si<\/p>\n<p>Druga vpra\u0161anja lahko posredujete na spodnja kontakta in z veseljem vam bomo pomagali:<\/p>\n<p>info [at] asociacija.si<\/p>\n<p><strong>Ime institucije:<\/strong> Dru\u0161tvo Asociacija<\/p>\n<p><strong>Sede\u017e:<\/strong> Metelkova 6,\u00a01000 Ljubljana<br \/><strong>Pisarna:<\/strong> Dalmatinova 4, 1000 Ljubljana<br \/><strong>Telefonski kontakt:<\/strong> 051\/ 773 611 (mobilni telefon)<br \/><strong>Elektronska po\u0161ta:<\/strong> info@asociacija.si<br \/><strong>Dav\u010dna \u0161tevilka:<\/strong> 38450666 (nismo dav\u010dni zavezanci)<br \/><strong>Mati\u010dna \u0161tevilka:<\/strong> 1768875<br \/><strong>TRR:<\/strong> SI56 6100 0001 4575 664<br \/><strong>Banka:\u00a0<\/strong>Delavska hranilnica d.d., Miklo\u0161i\u010deva 5, 1ooo Ljubljana<\/p>\n<p><strong>Logotip:<\/strong><br \/><a href=\"https:\/\/www.asociacija.si\/si\/wp-content\/uploads\/2016\/05\/Asociacija-LOGO-2_2.pdf\">V obliki PDF.<\/a><\/p>\n\n\n<p><\/p>\n","protected":false},"excerpt":{"rendered":"<p>POSLANSTVO Asociacija posku\u0161a zagotavljati trajnostne pogoje za profesionalno delovanje nevladnih organizacij in samostojnih ustvarjalcev, dejavnih v umetnosti in kulturi, ter si prizadeva za izbolj\u0161anje njihovega sistemskega polo\u017eaja.\u00a0Mre\u017ea je za\u010dela neformalno delovati leta 1992, danes pa je profesionalno koordinirana sodobna zagovorni\u0161ka in servisna organizacija. Asociacija poslanstvo uresni\u010duje:(1) s povezovanjem, artikuliranjem in zastopanjem skupnih interesov \u010dlanov mre\u017ee &hellip; <a href=\"https:\/\/www.asociacija.si\/si\/o-nas\/\" class=\"more-link\">Preberi ve\u010d o <span class=\"screen-reader-text\">O nas<\/span><\/a><\/p>\n","protected":false},"author":2,"featured_media":0,"parent":0,"menu_order":0,"comment_status":"closed","ping_status":"closed","template":"","meta":{"footnotes":""},"class_list":["post-74","page","type-page","status-publish","hentry"],"_links":{"self":[{"href":"https:\/\/www.asociacija.si\/si\/wp-json\/wp\/v2\/pages\/74","targetHints":{"allow":["GET"]}}],"collection":[{"href":"https:\/\/www.asociacija.si\/si\/wp-json\/wp\/v2\/pages"}],"about":[{"href":"https:\/\/www.asociacija.si\/si\/wp-json\/wp\/v2\/types\/page"}],"author":[{"embeddable":true,"href":"https:\/\/www.asociacija.si\/si\/wp-json\/wp\/v2\/users\/2"}],"replies":[{"embeddable":true,"href":"https:\/\/www.asociacija.si\/si\/wp-json\/wp\/v2\/comments?post=74"}],"version-history":[{"count":117,"href":"https:\/\/www.asociacija.si\/si\/wp-json\/wp\/v2\/pages\/74\/revisions"}],"predecessor-version":[{"id":11342,"href":"https:\/\/www.asociacija.si\/si\/wp-json\/wp\/v2\/pages\/74\/revisions\/11342"}],"wp:attachment":[{"href":"https:\/\/www.asociacija.si\/si\/wp-json\/wp\/v2\/media?parent=74"}],"curies":[{"name":"wp","href":"https:\/\/api.w.org\/{rel}","templated":true}]}}