{"id":1566,"date":"2017-10-02T06:21:28","date_gmt":"2017-10-02T06:21:28","guid":{"rendered":"http:\/\/www.asociacija.si\/si\/?page_id=1566"},"modified":"2017-11-06T17:03:25","modified_gmt":"2017-11-06T17:03:25","slug":"ostali","status":"publish","type":"page","link":"https:\/\/www.asociacija.si\/si\/ostali\/","title":{"rendered":"Ostali"},"content":{"rendered":"<p>Servis je v prvi vrsti namenjen nevladnikom in samozaposlenim, a vseeno vklju\u010duje tudi storitve in informacije, ki so koristne za ostale subjekte s podro\u010dja kulture, in sektorjev, ki z njo sodelujejo. Nudimo vam mo\u017enost informiranja, izobra\u017eevanj in usposabljanj glede raznolikih tem s podro\u010dja kulture, pripravo raziskav in priro\u010dnikov ter ostale sorodne aktivnosti tako na lokalni kot nacionalni ravni.<\/p>\n<p>Pi\u0161ite nam na\u00a0<a href=\"mailto:info@asociacija.si\">info@asociacija.si<\/a>\u00a0ali nas pokli\u010dite na 051\/ 773 611.<\/p>\n","protected":false},"excerpt":{"rendered":"<p>Servis je v prvi vrsti namenjen nevladnikom in samozaposlenim, a vseeno vklju\u010duje tudi storitve in informacije, ki so koristne za ostale subjekte s podro\u010dja kulture, in sektorjev, ki z njo sodelujejo. Nudimo vam mo\u017enost informiranja, izobra\u017eevanj in usposabljanj glede raznolikih tem s podro\u010dja kulture, pripravo raziskav in priro\u010dnikov ter ostale sorodne aktivnosti tako na lokalni &hellip; <a href=\"https:\/\/www.asociacija.si\/si\/ostali\/\" class=\"more-link\">Preberi ve\u010d o <span class=\"screen-reader-text\">Ostali<\/span><\/a><\/p>\n","protected":false},"author":5,"featured_media":0,"parent":0,"menu_order":0,"comment_status":"closed","ping_status":"closed","template":"","meta":{"footnotes":""},"class_list":["post-1566","page","type-page","status-publish","hentry"],"_links":{"self":[{"href":"https:\/\/www.asociacija.si\/si\/wp-json\/wp\/v2\/pages\/1566","targetHints":{"allow":["GET"]}}],"collection":[{"href":"https:\/\/www.asociacija.si\/si\/wp-json\/wp\/v2\/pages"}],"about":[{"href":"https:\/\/www.asociacija.si\/si\/wp-json\/wp\/v2\/types\/page"}],"author":[{"embeddable":true,"href":"https:\/\/www.asociacija.si\/si\/wp-json\/wp\/v2\/users\/5"}],"replies":[{"embeddable":true,"href":"https:\/\/www.asociacija.si\/si\/wp-json\/wp\/v2\/comments?post=1566"}],"version-history":[{"count":4,"href":"https:\/\/www.asociacija.si\/si\/wp-json\/wp\/v2\/pages\/1566\/revisions"}],"predecessor-version":[{"id":1696,"href":"https:\/\/www.asociacija.si\/si\/wp-json\/wp\/v2\/pages\/1566\/revisions\/1696"}],"wp:attachment":[{"href":"https:\/\/www.asociacija.si\/si\/wp-json\/wp\/v2\/media?parent=1566"}],"curies":[{"name":"wp","href":"https:\/\/api.w.org\/{rel}","templated":true}]}}