{"id":1479,"date":"2017-09-11T18:19:24","date_gmt":"2017-09-11T18:19:24","guid":{"rendered":"http:\/\/www.asociacija.si\/si\/?page_id=1479"},"modified":"2021-09-03T12:53:41","modified_gmt":"2021-09-03T12:53:41","slug":"arhiv","status":"publish","type":"page","link":"https:\/\/www.asociacija.si\/si\/arhiv\/","title":{"rendered":"Zagovorni\u0161ki arhiv"},"content":{"rendered":"<p>Na tem mestu so zbrane zagovorni\u0161ke aktivnosti Asociacije, vezane na konkretne zakonodajne predloge oziroma mehanizme izvajanja kulturnih politik (razpisi, pozivi, nate\u010daji, itn.). Ob dolo\u010denem predpisu lahko sledite stali\u0161\u010du predlagatelja, odzivu Asociacije, kateri predlogi Asociacije so bili upo\u0161tevani, in kronologijo spremljajo\u010dih zagovorni\u0161kih dejavnosti.<\/p>\n<p><strong>STRATE\u0160KI DOKUMENTI<\/strong><\/p>\n<p><a href=\"https:\/\/www.asociacija.si\/si\/2014\/08\/16\/nacionalni-program-za-kulturo\/\">Nacionalni program za kulturo<\/a><\/p>\n<p><a href=\"https:\/\/www.asociacija.si\/si\/2014\/08\/14\/nacionalni-program-za-mladino\/\">Nacionalni program za mladino<\/a><\/p>\n<p><a href=\"https:\/\/www.asociacija.si\/si\/2014\/08\/02\/strategija-razvoja-in-upravljanja-umetniskih-rezidenc\/\">Strategija razvoja in upravljanja umetni\u0161kih rezidenc<\/a><\/p>\n<p><a href=\"https:\/\/www.asociacija.si\/si\/2014\/08\/16\/strategija-razvoja-kulture-v-mestni-obcini-ljubljana\/\">Strategija razvoja kulture v MOL<\/a><\/p>\n<p><a href=\"https:\/\/www.asociacija.si\/si\/2014\/08\/02\/strategija-razvoja-medijev-v-republiki-sloveniji-do-leta-2024\/\">Strategija razvoja medijev v Republiki Sloveniji<\/a><\/p>\n<p><a href=\"https:\/\/www.asociacija.si\/si\/2014\/08\/01\/strategija-razvoja-nevladnih-organizacij-in-prostovoljstva-do-2023\/\">Strategija razvoja nevladnih organizacij in prostovoljstva<\/a><\/p>\n<p><a href=\"https:\/\/www.asociacija.si\/si\/2014\/08\/02\/strategija-razvoja-slovenije\/\">Strategija razvoja Slovenije<\/a><\/p>\n<p><a href=\"https:\/\/www.asociacija.si\/si\/2014\/08\/16\/strategija-trajnostne-rasti-slovenskega-turizma\/\">Strategija trajnostne rasti slovenskega turizma<\/a><\/p>\n<p><strong>ZAKONI<\/strong><\/p>\n<p><a href=\"https:\/\/www.asociacija.si\/si\/2014\/08\/16\/zakon-o-dohodnini-zdoh-2\/\">Zakon o dohodnini (ZDoh-2)<\/a><\/p>\n<p><a href=\"https:\/\/www.asociacija.si\/si\/2014\/08\/01\/zakon-o-izvajanju-proracuna-republike-slovenije\/\">Zakon o izvajanju prora\u010duna Republike Slovenije<\/a><\/p>\n<p><a href=\"https:\/\/www.asociacija.si\/si\/2014\/08\/02\/zakon-o-ljubiteljski-kulturi\/\">Zakon o ljubiteljski kulturi<\/a><\/p>\n<p><a href=\"https:\/\/www.asociacija.si\/si\/2014\/08\/16\/zakon-o-kolektivnem-upravljanju-avtorske-in-sorodnih-pravic-zkuasp\/\">Zakon o kolektivnem upravljanju avtorskih in sorodnih pravic (ZKUASP)<\/a><\/p>\n<p><a href=\"https:\/\/www.asociacija.si\/si\/2014\/08\/06\/zakon-o-nevladnih-organizacijah-znorg\/\">Zakon o nevladnih organizacijah (ZNOrg)<\/a><\/p>\n<p><a href=\"https:\/\/www.asociacija.si\/si\/2014\/08\/14\/zakon-o-presernovi-nagradi-zpren-1\/\">Zakon o Pre\u0161ernovi nagradi (ZPreN-1)<\/a><\/p>\n<p><a href=\"https:\/\/www.asociacija.si\/si\/2014\/08\/02\/zakon-o-uresnicevanju-javnega-interesa-za-kulturo-zujik\/\">Zakon o uresni\u010devanju javnega interesa za kulturo (ZUJIK)<\/a><\/p>\n<p><a href=\"https:\/\/www.asociacija.si\/si\/2014\/01\/01\/zakon-o-uveljavljanju-pravic-iz-javnih-sredstev-zupjs\/\">Zakon o uveljavljanju pravic iz javnih sredstev (ZUPJS)<\/a><\/p>\n<p><a href=\"https:\/\/www.asociacija.si\/si\/2014\/08\/16\/zakon-o-zdravstvenem-varstvu-in-zdravstvenem-zavarovanju-zzvzz\/\">Zakon o zdravstvenem varstvu in zdravstvenem zavarovanju (ZZVZZ)<\/a><\/p>\n<p><a href=\"https:\/\/www.asociacija.si\/si\/2014\/08\/14\/zakon-o-zagotavljanju-sredstev-za-nekatere-nujne-programe-v-kulturi-zsnnpk\/\">Zakon o zagotavljanju sredstev za nekatere nujne programe v kulturi (ZSNNPK)<\/a><\/p>\n<p><a href=\"https:\/\/www.asociacija.si\/si\/2019\/03\/22\/zakon-o-dodatku-k-pokojnini-za-izjemne-dosezke-na-podrocju-kulture-in-raziskovalno-razvojne-dejavnost\/\">Zakon o dodatku k pokojnini za izjemne dose\u017eke na podro\u010dju kulture in raziskovalno-razvojne dejavnosti<\/a><\/p>\n<p><a href=\"https:\/\/www.asociacija.si\/si\/2020\/07\/20\/zakon-o-interventnih-ukrepih-za-zajezitev-epidemije-covid-19-in-omilitev-njenih-posledic-za-drzavljane-in-gospodarstvo-ziuzeop\/\">Protikorona paketi <\/a><\/p>\n<p><strong>UREDBE<\/strong><\/p>\n<p><a href=\"https:\/\/www.asociacija.si\/si\/2014\/08\/14\/uredba-o-dolocitvi-visine-dnevnega-nadomestila-za-cas-zadrzanosti-od-dela-zaradi-bolezni-za-samozaposlene-v-kulturi-za-polni-delovni-cas\/\">Uredba o dolo\u010ditvi vi\u0161ine dnevnega nadomestila za \u010das zadr\u017eanosti od dela zaradi bolezni za samozaposlene v kulturi za polni delovni \u010das<\/a><\/p>\n<p><a href=\"https:\/\/www.asociacija.si\/si\/2014\/08\/03\/uredba-o-samozaposlenih-v-kulturi\/\">Uredba o samozaposlenih v kulturi<\/a><\/p>\n<p><strong>PRAVILNIKI<\/strong><\/p>\n<p><a href=\"https:\/\/www.asociacija.si\/si\/2014\/08\/16\/pravilnik-o-izvedbi-javnega-natecaja-za-izbiro-umetniskih-del-v-javnih-investicijskih-projektih\/\">Pravilnik o izvedbi javnega nate\u010daja za izbiro umetni\u0161kih del v javnih investicijskih projektih<\/a><\/p>\n<p><a href=\"https:\/\/www.asociacija.si\/si\/2014\/08\/16\/pravilnik-o-izvedbi-javnega-poziva-in-javnega-razpisa-za-izbiro-kulturnih-programov-in-kulturnih-projektov\/\">Pravilnik o izvedbi javnega poziva in javnega razpisa za izbiro kulturnih programov in kulturnih projektov<\/a><\/p>\n<p><a href=\"https:\/\/www.asociacija.si\/si\/2014\/08\/16\/pravilnik-o-strokovnih-komisijah\/\">Pravilnik o strokovnih komisijah<\/a><\/p>\n<p><a href=\"https:\/\/www.asociacija.si\/si\/2014\/08\/16\/pravilnik-o-usposabljanju-clanov-sveta-javnih-zavodov-na-podrocju-kulture\/\">Pravilnik o usposabljanju \u010dlanov sveta javnih zavodov na podro\u010dju kulture<\/a><\/p>\n<p><a href=\"https:\/\/www.asociacija.si\/si\/2014\/08\/16\/pravilnik-za-valorizacijo-oseb-zasebnega-prava-ki-so-na-podlagi-zakona-pridobile-status-delovanja-v-javnem-interesu\/\">Pravilnik za valorizacijo oseb zasebnega prava, ki so na podlagi zakona pridobile status delovanja v javnem interesu<\/a><\/p>\n<p><strong>MEHANIZMI IZVAJANJA KULTURNIH POLITIK<\/strong><\/p>\n<p><a href=\"https:\/\/www.asociacija.si\/si\/2020\/07\/27\/javni-razpis-za-dodelitev-delovnih-stipendij-za-samozaposlene-v-kulturi\/\">Javni razpis za dodelitev delovnih \u0161tipendij za samozaposlene v kulturi<\/a><\/p>\n<p><a href=\"https:\/\/www.asociacija.si\/si\/2020\/07\/27\/enoletni-javni-razpis-za-izbor-kulturnih-projektov-po-podrocjih-ministrstva-za-kulturo\/\">Enoletni javni razpis za izbor kulturnih projektov po podro\u010djih Ministrstva za kulturo<\/a><\/p>\n<p><a href=\"https:\/\/www.asociacija.si\/si\/2014\/08\/27\/javni-poziv-za-sofinanciranje-projektov-mednarodnega-sodelovanja-na-podrocju-umetnosti-za-leto-2018\/\">Javni poziv za izbor javnih kulturnih projektov mednarodnega sodelovanja na podro\u010dju umetnosti, ki jih bo v letu 2018 sofinancirala Republika Slovenija iz prora\u010duna, namenjenega za kulturo<\/a><\/p>\n<p><a href=\"https:\/\/www.asociacija.si\/si\/2020\/07\/27\/javni-razpis-za-izbor-kulturnih-projektov-bivanja-in-ustvarjanja-v-umetniskih-rezidencah-v-berlinu-londonu-new-yorku-in-na-dunaju-2\/\">Javni razpis za izbor kulturnih projektov bivanja in ustvarjanja v umetni\u0161kih rezidencah v Berlinu, Londonu, New Yorku in na Dunaju<\/a><\/p>\n<p><a href=\"https:\/\/www.asociacija.si\/si\/2014\/08\/21\/javni-razpis-za-izbor-operacij-podpora-novim-kariernim-perspektivam-v-obdobju-2018-2021\/\">Javni razpis za izbor operacij \u00bbPodpora novim kariernim perspektivam v obdobju 2018-2021\u00ab<\/a><\/p>\n<p><a href=\"https:\/\/www.asociacija.si\/si\/2014\/08\/23\/programski-razpis-ministrstva-za-kulturo-v-letih-2018-2021\/\">Javni razpis za izbor javnih kulturnih programov na podro\u010dju umetnosti, ki jih bo v letih 2018-2021 sofinancirala Republika Slovenija iz prora\u010duna, namenjenega za kulturo<\/a><\/p>\n<p><a href=\"https:\/\/www.asociacija.si\/si\/2014\/08\/27\/projektni-razpis-mol-za-leto-2017\/\">Javni razpis za izbor kulturnih projektov, ki jih bo v letu 2017 sofinancirala MOL<\/a><\/p>\n<p><a href=\"https:\/\/www.asociacija.si\/si\/2014\/08\/20\/projektni-razpis-mol-za-leto-2016\/\">Javni razpis za izbor kulturnih projektov, ki jih bo v letu 2016 sofinancirala MOL<\/a><\/p>\n<p><a href=\"https:\/\/www.asociacija.si\/si\/2020\/07\/27\/ustvarjalna-evropa\/\">Ustvarjalna Evropa<\/a><\/p>\n","protected":false},"excerpt":{"rendered":"<p>Na tem mestu so zbrane zagovorni\u0161ke aktivnosti Asociacije, vezane na konkretne zakonodajne predloge oziroma mehanizme izvajanja kulturnih politik (razpisi, pozivi, nate\u010daji, itn.). Ob dolo\u010denem predpisu lahko sledite stali\u0161\u010du predlagatelja, odzivu Asociacije, kateri predlogi Asociacije so bili upo\u0161tevani, in kronologijo spremljajo\u010dih zagovorni\u0161kih dejavnosti. STRATE\u0160KI DOKUMENTI Nacionalni program za kulturo Nacionalni program za mladino Strategija razvoja in &hellip; <a href=\"https:\/\/www.asociacija.si\/si\/arhiv\/\" class=\"more-link\">Preberi ve\u010d o <span class=\"screen-reader-text\">Zagovorni\u0161ki arhiv<\/span><\/a><\/p>\n","protected":false},"author":5,"featured_media":0,"parent":0,"menu_order":0,"comment_status":"closed","ping_status":"closed","template":"","meta":{"footnotes":""},"class_list":["post-1479","page","type-page","status-publish","hentry"],"_links":{"self":[{"href":"https:\/\/www.asociacija.si\/si\/wp-json\/wp\/v2\/pages\/1479","targetHints":{"allow":["GET"]}}],"collection":[{"href":"https:\/\/www.asociacija.si\/si\/wp-json\/wp\/v2\/pages"}],"about":[{"href":"https:\/\/www.asociacija.si\/si\/wp-json\/wp\/v2\/types\/page"}],"author":[{"embeddable":true,"href":"https:\/\/www.asociacija.si\/si\/wp-json\/wp\/v2\/users\/5"}],"replies":[{"embeddable":true,"href":"https:\/\/www.asociacija.si\/si\/wp-json\/wp\/v2\/comments?post=1479"}],"version-history":[{"count":62,"href":"https:\/\/www.asociacija.si\/si\/wp-json\/wp\/v2\/pages\/1479\/revisions"}],"predecessor-version":[{"id":6602,"href":"https:\/\/www.asociacija.si\/si\/wp-json\/wp\/v2\/pages\/1479\/revisions\/6602"}],"wp:attachment":[{"href":"https:\/\/www.asociacija.si\/si\/wp-json\/wp\/v2\/media?parent=1479"}],"curies":[{"name":"wp","href":"https:\/\/api.w.org\/{rel}","templated":true}]}}