{"id":1468,"date":"2017-09-11T17:19:47","date_gmt":"2017-09-11T17:19:47","guid":{"rendered":"http:\/\/www.asociacija.si\/si\/?page_id=1468"},"modified":"2025-10-23T10:48:17","modified_gmt":"2025-10-23T10:48:17","slug":"nevladne-ogranizacije","status":"publish","type":"page","link":"https:\/\/www.asociacija.si\/si\/nevladne-ogranizacije\/","title":{"rendered":"Servis za nevladne organizacije"},"content":{"rendered":"\n<p>Asociacija je mre\u017ea nevladnih organizacij in samostojnih ustvarjalcev s podro\u010dja kulture. Ti ustvarjalci so poleg osnovnega poslanstva \u2013 ustvarjanja \u2013 primorani opravljati tudi razli\u010dne pravne, administrativne, ra\u010dunovodske in dav\u010dne zakonske obveznosti. Ker \u010dlani in pisarna med seboj izmenjujemo znanje in izku\u0161nje, skupaj korak za korakom vzpostavljamo servisne storitve, ki temeljijo na strokovnih kompetencah ter poznavanju specifik sektorja. S posredovanjem informacij, izobra\u017eevanjem, usposabljanjem in z zagovorni\u0161kimi aktivnostmi se odzivamo na zagovorni\u0161ke in servisne potrebe organizacij \u010dlanic, ki presegajo kapacitete ene same organizacije. Tako si prizadevamo za nenehno izbolj\u0161evanje kapacitet NVO in ustvarjanje dinami\u010dne, odzivne in povezane skupnosti nevladnih ustvarjalcev s podro\u010dja kulture. Servis Asociacije je prosto dostopen vsem obiskovalcem, \u010dlani dru\u0161tva pa lahko zaprosijo tudi za individualno pomo\u010d, ki se osredoto\u010da na konkreten primer. \u010clanom svetujemo glede administrativnih procesov na lokalni in dr\u017eavni ravni, pravnih informacij s podro\u010dja kulture, prijavljanja na razpise in zakonodaje, ki se ti\u010de NVO v kulturi.<\/p>\n\n\n\n<p>V primeru, da odgovora na svoje vpra\u0161anje ne najdete v arhivu servisa, svetujemo, da vpra\u0161anja na nas naslovite pisno prek <a href=\"mailto:servis@asociacija.si\" target=\"_blank\" rel=\"noreferrer noopener\">elektronske po\u0161te<\/a>, dosegljivi pa smo tudi na telefonski \u0161tevilki 051 773 611. Zaradi majhne ekipe, fleksibilnih urnikov in raznolikih obveznosti \u010dlanov pisarne pri\u010dakujte odgovor v roku enega tedna. Nevladne organizacije v kulturi se pri delovanju sre\u010dujejo z zelo razli\u010dnimi te\u017eavami, zato se pri iskanju re\u0161itev strokovna ekipa kdaj obrne tudi na zunanjo pomo\u010d. Predviden potek svetovanja organizacijam:<\/p>\n\n\n\n<ol class=\"wp-block-list\">\n<li>Va\u0161a organizacija <a href=\"https:\/\/www.asociacija.si\/si\/vclanite-se\/\" target=\"_blank\" rel=\"noreferrer noopener\">se v\u010dlani<\/a> v Asociacijo.<\/li>\n\n\n\n<li>Problem opi\u0161ete in posredujete Asociaciji.<\/li>\n\n\n\n<li>Strokovni delavec Asociacije je z vami v stiku glede podrobnosti va\u0161ega problema.<\/li>\n\n\n\n<li>V roku enega tedna prejmete odgovor.<\/li>\n\n\n\n<li>Ponovno se posvetite svojemu delu.<\/li>\n<\/ol>\n\n\n\n<p>ARHIV<\/p>\n\n\n\n<ul class=\"wp-block-list\">\n<li><a href=\"https:\/\/www.asociacija.si\/si\/2020\/07\/10\/aktualno-omejitve-kulturnih-prireditev\/\">Omejitve kulturnih prireditev<\/a><\/li>\n\n\n\n<li><a href=\"https:\/\/www.asociacija.si\/si\/2020\/03\/04\/servis-nvo-in-prostovoljsko-delo\/\">NVO in prostovoljsko delo<\/a><\/li>\n\n\n\n<li><a href=\"https:\/\/www.asociacija.si\/si\/2020\/01\/07\/servis-prijava-terjatve-v-stecajnem-postopku\/\">Prijava terjatve v ste\u010dajnem postopku<\/a><\/li>\n\n\n\n<li><a href=\"https:\/\/www.asociacija.si\/si\/2019\/07\/03\/servis-komunikacija-z-drzavnimi-organi\/\">Komunikacija z dr\u017eavnimi organi<\/a><\/li>\n\n\n\n<li><a href=\"https:\/\/www.asociacija.si\/si\/2019\/09\/19\/servis-vpis-nvo-v-register-dejanskih-lastnikov-rdl\/\">Vpis NVO v Register dejanskih lastnikov (RDL)<\/a><\/li>\n\n\n\n<li><a href=\"https:\/\/www.asociacija.si\/si\/2019\/03\/01\/servis-ustanovitev-drustva-ali-zavoda\/\">Ustanovitev dru\u0161tva ali zavoda?<\/a><\/li>\n\n\n\n<li><a href=\"https:\/\/www.asociacija.si\/si\/2019\/02\/01\/servis-prijavljanje-na-lokalne-razpise-v-drugi-obcini\/\">Prijavljanje na lokalne razpise v drugi ob\u010dini<\/a><\/li>\n\n\n\n<li><a href=\"https:\/\/www.asociacija.si\/si\/2018\/07\/12\/servis-gdpr-in-novinarske-adreme\/\">GDPR in novinarske adreme<\/a><\/li>\n\n\n\n<li><a href=\"https:\/\/www.asociacija.si\/si\/2018\/05\/21\/servis-novosti-glede-varstva-osebnih-podatkov\/\">Novosti glede varstva osebnih podatkov<\/a><\/li>\n\n\n\n<li><a href=\"https:\/\/www.asociacija.si\/si\/?p=1915&amp;preview=true\">Vodi\u010d pobiranja vstopnin za NVO<\/a><\/li>\n\n\n\n<li><a href=\"https:\/\/www.asociacija.si\/si\/2018\/02\/21\/servis-cena-najema-javne-kulturne-infrastrukture\/\">Cena najema javne kulturne infrastrukture<\/a><\/li>\n<\/ul>\n","protected":false},"excerpt":{"rendered":"<p>Asociacija je mre\u017ea nevladnih organizacij in samostojnih ustvarjalcev s podro\u010dja kulture. Ti ustvarjalci so poleg osnovnega poslanstva \u2013 ustvarjanja \u2013 primorani opravljati tudi razli\u010dne pravne, administrativne, ra\u010dunovodske in dav\u010dne zakonske obveznosti. Ker \u010dlani in pisarna med seboj izmenjujemo znanje in izku\u0161nje, skupaj korak za korakom vzpostavljamo servisne storitve, ki temeljijo na strokovnih kompetencah ter poznavanju &hellip; <a href=\"https:\/\/www.asociacija.si\/si\/nevladne-ogranizacije\/\" class=\"more-link\">Preberi ve\u010d o <span class=\"screen-reader-text\">Servis za nevladne organizacije<\/span><\/a><\/p>\n","protected":false},"author":5,"featured_media":0,"parent":0,"menu_order":2,"comment_status":"closed","ping_status":"closed","template":"servis.php","meta":{"footnotes":""},"class_list":["post-1468","page","type-page","status-publish","hentry"],"_links":{"self":[{"href":"https:\/\/www.asociacija.si\/si\/wp-json\/wp\/v2\/pages\/1468","targetHints":{"allow":["GET"]}}],"collection":[{"href":"https:\/\/www.asociacija.si\/si\/wp-json\/wp\/v2\/pages"}],"about":[{"href":"https:\/\/www.asociacija.si\/si\/wp-json\/wp\/v2\/types\/page"}],"author":[{"embeddable":true,"href":"https:\/\/www.asociacija.si\/si\/wp-json\/wp\/v2\/users\/5"}],"replies":[{"embeddable":true,"href":"https:\/\/www.asociacija.si\/si\/wp-json\/wp\/v2\/comments?post=1468"}],"version-history":[{"count":45,"href":"https:\/\/www.asociacija.si\/si\/wp-json\/wp\/v2\/pages\/1468\/revisions"}],"predecessor-version":[{"id":10385,"href":"https:\/\/www.asociacija.si\/si\/wp-json\/wp\/v2\/pages\/1468\/revisions\/10385"}],"wp:attachment":[{"href":"https:\/\/www.asociacija.si\/si\/wp-json\/wp\/v2\/media?parent=1468"}],"curies":[{"name":"wp","href":"https:\/\/api.w.org\/{rel}","templated":true}]}}