{"id":1466,"date":"2017-09-11T17:19:34","date_gmt":"2017-09-11T17:19:34","guid":{"rendered":"http:\/\/www.asociacija.si\/si\/?page_id=1466"},"modified":"2025-12-10T10:39:37","modified_gmt":"2025-12-10T10:39:37","slug":"samostojni-ustvarjalci","status":"publish","type":"page","link":"https:\/\/www.asociacija.si\/si\/samostojni-ustvarjalci\/","title":{"rendered":"Samostojni ustvarjalci"},"content":{"rendered":"<p style=\"text-align: justify;\">Administracija, zakonska dolo\u010dila, ra\u010dunovodske obveznosti, pravna vpra\u0161anja, davki. Zdi se, da je seznam obveznosti, ki poleg ustvarjanja bremenijo samostojne ustvarjalce v kulturi, precej dolg. Zato Asociacija svojim \u010dlanicam in \u010dlanom pomaga s servisnimi \u010dlanskimi nasveti. Tako vam \u017eelimo pomagati pri spremljevalnih delih vodenja poslovne dejavnosti, da se lahko sami posvetite tistemu, zaradi \u010desar ste se za poklic v kulturi odlo\u010dili \u2013 ustvarjanju. Servis Asociacije zbira in obdeluje vpra\u0161anja ter skozi \u0161iroko mre\u017eo \u010dlanov iz \u0161tevilnih poklicev i\u0161\u010de najustreznej\u0161e odgovore. Pogosto ponavljajo\u010de te\u017eave naslovimo tudi znotraj skupinskih usposabljanj. Dobrodo\u0161li torej, da v na\u0161em servisu poi\u0161\u010dete odgovor na va\u0161e vpra\u0161anje!<\/p>\n<p>Pi\u0161ite nam na <a href=\"mailto:servis@asociacija.si\">servis<\/a><a href=\"mailto:servis@asociacija.si\">@asociacija.si<\/a> ali nas pokli\u010dite na 051\/ 773 611.<\/p>\n<p><strong>\u00a0ABC SERVISA ASOCIACIJE<\/strong><\/p>\n<ol>\n<li>Postane\u0161 \u010dlan\/ica Asociacije.<\/li>\n<li>Ima\u0161 problem, ki ga opi\u0161e\u0161 Asociaciji.<\/li>\n<li>V najkraj\u0161em mo\u017enem \u010dasu prejme\u0161 odgovor in re\u0161i\u0161 svojo te\u017eavo.<\/li>\n<li>\u010ce je stvar sistemske narave, jo Asociacija poskusi re\u0161iti skozi zagovorni\u0161tvo.<\/li>\n<li>Spet se nemoteno posveti\u0161 ustvarjalnosti.<\/li>\n<\/ol>\n\n\n<p><\/p>\n","protected":false},"excerpt":{"rendered":"<p>Administracija, zakonska dolo\u010dila, ra\u010dunovodske obveznosti, pravna vpra\u0161anja, davki. Zdi se, da je seznam obveznosti, ki poleg ustvarjanja bremenijo samostojne ustvarjalce v kulturi, precej dolg. Zato Asociacija svojim \u010dlanicam in \u010dlanom pomaga s servisnimi \u010dlanskimi nasveti. Tako vam \u017eelimo pomagati pri spremljevalnih delih vodenja poslovne dejavnosti, da se lahko sami posvetite tistemu, zaradi \u010desar ste se &hellip; <a href=\"https:\/\/www.asociacija.si\/si\/samostojni-ustvarjalci\/\" class=\"more-link\">Preberi ve\u010d o <span class=\"screen-reader-text\">Samostojni ustvarjalci<\/span><\/a><\/p>\n","protected":false},"author":5,"featured_media":0,"parent":0,"menu_order":1,"comment_status":"closed","ping_status":"closed","template":"servis.php","meta":{"footnotes":""},"class_list":["post-1466","page","type-page","status-publish","hentry"],"_links":{"self":[{"href":"https:\/\/www.asociacija.si\/si\/wp-json\/wp\/v2\/pages\/1466","targetHints":{"allow":["GET"]}}],"collection":[{"href":"https:\/\/www.asociacija.si\/si\/wp-json\/wp\/v2\/pages"}],"about":[{"href":"https:\/\/www.asociacija.si\/si\/wp-json\/wp\/v2\/types\/page"}],"author":[{"embeddable":true,"href":"https:\/\/www.asociacija.si\/si\/wp-json\/wp\/v2\/users\/5"}],"replies":[{"embeddable":true,"href":"https:\/\/www.asociacija.si\/si\/wp-json\/wp\/v2\/comments?post=1466"}],"version-history":[{"count":142,"href":"https:\/\/www.asociacija.si\/si\/wp-json\/wp\/v2\/pages\/1466\/revisions"}],"predecessor-version":[{"id":10606,"href":"https:\/\/www.asociacija.si\/si\/wp-json\/wp\/v2\/pages\/1466\/revisions\/10606"}],"wp:attachment":[{"href":"https:\/\/www.asociacija.si\/si\/wp-json\/wp\/v2\/media?parent=1466"}],"curies":[{"name":"wp","href":"https:\/\/api.w.org\/{rel}","templated":true}]}}