{"id":114,"date":"2016-06-02T10:24:10","date_gmt":"2016-06-02T10:24:10","guid":{"rendered":"http:\/\/www.asociacija.si\/si\/?page_id=114"},"modified":"2025-10-07T09:09:24","modified_gmt":"2025-10-07T09:09:24","slug":"vclanite-se","status":"publish","type":"page","link":"https:\/\/www.asociacija.si\/si\/vclanite-se\/","title":{"rendered":""},"content":{"rendered":"<p><strong>ZAKAJ BI SE V\u010cLANILI?<\/strong><\/p>\n<p>Ker je prvo leto v\u010dlanitve \u010dlanarina brezpla\u010dna in so stro\u0161ki \u010dlanstva v naslednjih letih v primerjavi z drugimi \u010dlanskimi organizacijami simboli\u010dni.<\/p>\n<p>Ker vam je Asociacija v pomo\u010d pri re\u0161evanju dav\u010dnih, administrativnih, pravnih in upravnih te\u017eav, s katerimi se soo\u010date.<\/p>\n<p>Ker boste obve\u0161\u010deni o spremembah zakonodaje, ki vplivajo na vas.<\/p>\n<p>Ker tako podprete organizacijo, ki kontinuirano in sistemati\u010dno zagovarja va\u0161e interese!<\/p>\n<p>Ker skupaj v odnosu do odlo\u010devalcev dose\u017eemo ve\u010d, kot pa vsak zase!<\/p>\n<p>Ker boste dele\u017eni ugodnosti pri udele\u017ebi na usposabljanjih in izobra\u017eevanjih.<\/p>\n<p>Ker boste soodlo\u010dali o problemih, ki jih mora nasloviti Asociacija.<\/p>\n<p><strong>KAKO SE V\u010cLANIM V ASOCIACIJO?<\/strong><br \/>\nZa v\u010dlanitev v Asociacijo je potrebno izpolniti obrazec:<\/p>\n<p><a href=\"https:\/\/www.asociacija.si\/si\/wp-content\/uploads\/2025\/10\/Pristopna-izjava1.pdf\" target=\"_blank\" rel=\"noopener\">Pristopna izjava &#8211; NVO<\/a><\/p>\n<p><a href=\"https:\/\/www.asociacija.si\/si\/wp-content\/uploads\/2025\/10\/Pristopna-izjava-POSAMEZNIKI-2025.pdf\" target=\"_blank\" rel=\"noopener\">Pristopna izjava &#8211; POSAMEZNIKI<\/a><\/p>\n<p>Prilo\u017eeni dokument v obliki pdf natisni, izpolni in po\u0161lji po po\u0161ti na naslov:<br \/>\nDru\u0161tvo Asociacija<br \/>\nDalmatinova 4<br \/>\n1000 Ljubljana<\/p>\n<p>Za hitrej\u0161o obdelavo pristopne izjave pa jo lahko hkrati po\u0161lje\u0161 tudi elektronsko podpisano ali skenirano na elektronski naslov <strong>clanstvo\u00a0[@] asociacija.si<\/strong>. To je tudi naslov, na katerega se lahko obrnete z va\u0161imi vpra\u0161anji na temo \u010dlanstva v Asociaciji.<\/p>\n<p>Ko dru\u0161tvo prejme pristopno izjavo, v skladu s <a href=\"https:\/\/www.asociacija.si\/si\/wp-content\/uploads\/2016\/06\/Scan-novi-status-asociacija-20182-1.pdf\">Statutom dru\u0161tva<\/a> (glej 7.\u010dlen in osmo alinejo 37. \u010dlena) o sprejemu \u010dlanov odlo\u010da upravni odbor dru\u0161tva. Po potrditvi upravnega odbora, se novega \u010dlana obvesti o v\u010dlanitvi v dru\u0161tvo.<\/p>\n<hr \/>\n<p><strong>KAJ MI PRINA\u0160A \u010cLANSTVO V ASOCIACIJI?<\/strong><br \/>\nPomo\u010d pri re\u0161evanju prakti\u010dnih dav\u010dnih, administrativnih, pravnih in upravnih te\u017eav oziroma posredovanje ustreznih informacij in kontaktov.<\/p>\n<p>Obve\u0161\u010denost in mo\u017enost vplivanja na aktualne problematike in spremembe relevantne zakonodaje in uradnih postopkov.<\/p>\n<p>Brezpla\u010dno ali ugodnej\u0161o udele\u017ebo na seminarjih in usposabljanjih.<\/p>\n<p>Mo\u017enost izpostavitve lokalnih problematik iz polja kulturne politike.<\/p>\n<p>Zagovorni\u0161ka dejavnost Asociacije v primeru zapletov pri objavah razpisov in rezultatov razpisov.<\/p>\n<p>Seznanjanje javnosti in medijev z aktualnimi problematikami kulturni\u0161ke scene.<\/p>\n<p>Izvedba kulturno-politi\u010dnih iniciativ, ki zadevajo NVO v umetnosti in kulturi.<\/p>\n<p>Sodelovanje pri oblikovanju strate\u0161kih smernic delovanja Asociacije.<\/p>\n<p>Internacionalizacija \u2013 Asociacija je \u010dlanica Culture Action Europe \u2013 zagovorni\u0161ke mre\u017ee v polju kulturne politike na ravni EU.<\/p>\n<hr \/>\n<p><strong>KAJ PA \u010cLANARINA?<\/strong><br \/>\nS podpisom pristopne izjave se \u010dlani zave\u017eejo k pla\u010dilu letne \u010dlanarine, ki zna\u0161a 0,3 % prejetih javnih sredstev na nacionalnem in lokalnem nivoju v teko\u010dem letu za organizacije, ter 30 evrov za posameznike \u2013 samostojne ustvarjalce v polju kulture in umetnosti. \u010clanarino se posameznika lahko oprosti na podlagi individualne pro\u0161nje, o kateri odlo\u010da Upravni odbor Asociacije.<\/p>\n<p>Kot je bilo potrjeno na ob\u010dnem zboru, je vi\u0161ina \u010dlanarine v letu 2025 za NVO 0,3% javnih prihodkov za teko\u010de leto (prihodkov, ki jih organizacija prejme iz javnih virov financiranja \u2013 prihodki iz vseh razpisov za NVO ministrstva za kulturo, agencij JAK, SFC in JSKD ter lokalnih skupnosti). \u010ce je vsota prejete javne podpore ni\u017eja od 10.000 evrov, je dolo\u010dena enotna \u010dlanarina v vi\u0161ini 30,00 evrov<strong>.<\/strong><\/p>\n<p>\u010clanarina za individualne \u010dlane zna\u0161a 30,00 evrov.<\/p>\n<p>Prvo leto v\u010dlanitve je \u010dlanarina za posameznike in NVO brezpla\u010dna.<\/p>\n","protected":false},"excerpt":{"rendered":"<p>ZAKAJ BI SE V\u010cLANILI? Ker je prvo leto v\u010dlanitve \u010dlanarina brezpla\u010dna in so stro\u0161ki \u010dlanstva v naslednjih letih v primerjavi z drugimi \u010dlanskimi organizacijami simboli\u010dni. Ker vam je Asociacija v pomo\u010d pri re\u0161evanju dav\u010dnih, administrativnih, pravnih in upravnih te\u017eav, s katerimi se soo\u010date. Ker boste obve\u0161\u010deni o spremembah zakonodaje, ki vplivajo na vas. Ker tako &hellip; <a href=\"https:\/\/www.asociacija.si\/si\/vclanite-se\/\" class=\"more-link\">Preberi ve\u010d o <span class=\"screen-reader-text\"><\/span><\/a><\/p>\n","protected":false},"author":2,"featured_media":0,"parent":0,"menu_order":0,"comment_status":"closed","ping_status":"closed","template":"","meta":{"footnotes":""},"class_list":["post-114","page","type-page","status-publish","hentry"],"_links":{"self":[{"href":"https:\/\/www.asociacija.si\/si\/wp-json\/wp\/v2\/pages\/114","targetHints":{"allow":["GET"]}}],"collection":[{"href":"https:\/\/www.asociacija.si\/si\/wp-json\/wp\/v2\/pages"}],"about":[{"href":"https:\/\/www.asociacija.si\/si\/wp-json\/wp\/v2\/types\/page"}],"author":[{"embeddable":true,"href":"https:\/\/www.asociacija.si\/si\/wp-json\/wp\/v2\/users\/2"}],"replies":[{"embeddable":true,"href":"https:\/\/www.asociacija.si\/si\/wp-json\/wp\/v2\/comments?post=114"}],"version-history":[{"count":25,"href":"https:\/\/www.asociacija.si\/si\/wp-json\/wp\/v2\/pages\/114\/revisions"}],"predecessor-version":[{"id":10347,"href":"https:\/\/www.asociacija.si\/si\/wp-json\/wp\/v2\/pages\/114\/revisions\/10347"}],"wp:attachment":[{"href":"https:\/\/www.asociacija.si\/si\/wp-json\/wp\/v2\/media?parent=114"}],"curies":[{"name":"wp","href":"https:\/\/api.w.org\/{rel}","templated":true}]}}