{"id":112,"date":"2016-06-02T10:23:48","date_gmt":"2016-06-02T10:23:48","guid":{"rendered":"http:\/\/www.asociacija.si\/si\/?page_id=112"},"modified":"2019-09-07T20:55:58","modified_gmt":"2019-09-07T20:55:58","slug":"kulturosfera-glasilo","status":"publish","type":"page","link":"https:\/\/www.asociacija.si\/si\/kulturosfera-glasilo\/","title":{"rendered":"Kulturosfera"},"content":{"rendered":"<p>Kulturosfera je redno elektronsko glasilo Dru\u0161tva Asociacija, ki enkrat mese\u010dno naj\u0161ir\u0161o javnost obve\u0161\u010da o klju\u010dnih premikih in aktivnostih v polju kulturne politike (dogodki, raziskave, spremembe zakonodaje, pobude itn.), hkrati pa vas seznanja z delom in razmi\u0161ljanjem \u010dlanov Asociacije.<\/p>\n<p>Dogajanje v kulturni politiki je pestro in dinami\u010dno, heterogena skupina zainteresiranih in vpletenih pa velika. Dru\u0161tvo Asociacija si v tem okviru \u017ee vrsto let prizadeva izbolj\u0161ati produkcijske pogoje in polo\u017eaj posameznikov, samostojnih ustvarjalcev in nevladnih organizacij v umetnosti in kulturi, pri tem pa se zavedamo pomembnosti odprtega dialoga in sodelovanja.<\/p>\n<p>Ob obilici sprememb v kulturni politiki se vse jasneje ka\u017ee potreba po preglednem in a\u017eurnem mestu, ki bo strnjeno predstavilo klju\u010dne in aktualne izzive. Zato \u017eelimo \u0161ir\u0161o zainteresirano javnost obve\u0161\u010dati o aktualnih kulturnopoliti\u010dnih temah, vezanih primarno na delovanje nevladnih organizacij in samozaposlenih v kulturi.<\/p>\n<p>Vas zanima? <a href=\"http:\/\/eepurl.com\/cdHGPz\">Naro\u010dite se na na\u0161e mese\u010dno elektronsko glasilo Kulturosfera<\/a>.<\/p>\n<p>&nbsp;<\/p>\n","protected":false},"excerpt":{"rendered":"<p>Kulturosfera je redno elektronsko glasilo Dru\u0161tva Asociacija, ki enkrat mese\u010dno naj\u0161ir\u0161o javnost obve\u0161\u010da o klju\u010dnih premikih in aktivnostih v polju kulturne politike (dogodki, raziskave, spremembe zakonodaje, pobude itn.), hkrati pa vas seznanja z delom in razmi\u0161ljanjem \u010dlanov Asociacije. Dogajanje v kulturni politiki je pestro in dinami\u010dno, heterogena skupina zainteresiranih in vpletenih pa velika. Dru\u0161tvo Asociacija &hellip; <a href=\"https:\/\/www.asociacija.si\/si\/kulturosfera-glasilo\/\" class=\"more-link\">Preberi ve\u010d o <span class=\"screen-reader-text\">Kulturosfera<\/span><\/a><\/p>\n","protected":false},"author":2,"featured_media":0,"parent":0,"menu_order":0,"comment_status":"closed","ping_status":"closed","template":"","meta":{"footnotes":""},"class_list":["post-112","page","type-page","status-publish","hentry"],"_links":{"self":[{"href":"https:\/\/www.asociacija.si\/si\/wp-json\/wp\/v2\/pages\/112","targetHints":{"allow":["GET"]}}],"collection":[{"href":"https:\/\/www.asociacija.si\/si\/wp-json\/wp\/v2\/pages"}],"about":[{"href":"https:\/\/www.asociacija.si\/si\/wp-json\/wp\/v2\/types\/page"}],"author":[{"embeddable":true,"href":"https:\/\/www.asociacija.si\/si\/wp-json\/wp\/v2\/users\/2"}],"replies":[{"embeddable":true,"href":"https:\/\/www.asociacija.si\/si\/wp-json\/wp\/v2\/comments?post=112"}],"version-history":[{"count":7,"href":"https:\/\/www.asociacija.si\/si\/wp-json\/wp\/v2\/pages\/112\/revisions"}],"predecessor-version":[{"id":8545,"href":"https:\/\/www.asociacija.si\/si\/wp-json\/wp\/v2\/pages\/112\/revisions\/8545"}],"wp:attachment":[{"href":"https:\/\/www.asociacija.si\/si\/wp-json\/wp\/v2\/media?parent=112"}],"curies":[{"name":"wp","href":"https:\/\/api.w.org\/{rel}","templated":true}]}}