{"id":10176,"date":"2025-08-22T09:21:35","date_gmt":"2025-08-22T09:21:35","guid":{"rendered":"https:\/\/www.asociacija.si\/si\/?page_id=10176"},"modified":"2025-09-03T11:07:15","modified_gmt":"2025-09-03T11:07:15","slug":"konferenca-zdravje-in-delo-conference-health-and-work","status":"publish","type":"page","link":"https:\/\/www.asociacija.si\/si\/konferenca-zdravje-in-delo-conference-health-and-work\/","title":{"rendered":"Konferenca &#8220;Zdravje in delo \/ Conference &#8220;Health and work&#8221;"},"content":{"rendered":"\n<figure class=\"wp-block-image size-large\"><img loading=\"lazy\" decoding=\"async\" width=\"1024\" height=\"483\" src=\"https:\/\/www.asociacija.si\/si\/wp-content\/uploads\/2025\/08\/HEADER-with-LOGOs-1-1-1024x483.jpg\" alt=\"\" class=\"wp-image-10197\" srcset=\"https:\/\/www.asociacija.si\/si\/wp-content\/uploads\/2025\/08\/HEADER-with-LOGOs-1-1-1024x483.jpg 1024w, https:\/\/www.asociacija.si\/si\/wp-content\/uploads\/2025\/08\/HEADER-with-LOGOs-1-1-300x141.jpg 300w, https:\/\/www.asociacija.si\/si\/wp-content\/uploads\/2025\/08\/HEADER-with-LOGOs-1-1-768x362.jpg 768w, https:\/\/www.asociacija.si\/si\/wp-content\/uploads\/2025\/08\/HEADER-with-LOGOs-1-1-1536x724.jpg 1536w, https:\/\/www.asociacija.si\/si\/wp-content\/uploads\/2025\/08\/HEADER-with-LOGOs-1-1-2048x966.jpg 2048w\" sizes=\"auto, (max-width: 1024px) 100vw, 1024px\" \/><\/figure>\n\n\n\n<p class=\"has-text-align-center has-medium-font-size\"><strong>Mednarodna konferenca: ZDRAVJE IN DELO: Izgradnja dobrega po\u010dutja skozi umetnost v skupnostih in na delovnih mestih<\/strong><br>9.\u201311. september 2025, Ljubljana<\/p>\n\n\n\n<p>V Dru\u0161tvo Asociacija v okviru projektov <em>CARE<\/em> in <em>Kultura za du\u0161evno zdravje<\/em> v sodelovanju s partnerji v obeh projektih na razli\u010dnih lokacijah v Ljubljani organizira konferenco <strong>ZDRAVJE IN DELO: Izgradnja dobrega po\u010dutja skozi umetnost v skupnostih in na delovnih mestih<\/strong>. Dogodek bo zdru\u017eil strokovnjake s podro\u010dij umetnosti, zdravja, dela, gospodarstva in politike na lokalni, nacionalni in evropski ravni.<\/p>\n\n\n\n<p class=\"has-text-align-center\" style=\"font-size:25px\"><strong><a href=\"https:\/\/forms.gle\/aDyWiBwBsmBhmdgc9\">REGISTRACIJA ZA KONFERENCO<\/a><\/strong><\/p>\n\n\n\n<p>Konferenca bo prvi dan raziskala <strong>vlogo kulture v zdravju<\/strong>, s posebnim poudarkom <strong>na usmeritvah razvoja in oblikovanja politik ter ukrepov dom in v mednarodnem prostoru<\/strong>. Obravnavali bomo teme <strong>dobrega po\u010dutja pri delu<\/strong>, <strong>kreativnih praksah prepre\u010devanja izgorelosti in absentizma<\/strong>, ter na <strong>skupnostnih pristopih, kot so socialno predpisovanje in rabe umetnosti v dobrobit skupnosti<\/strong>. Skozi prispevke, refleksije in primere dobrih praks bodo obravnavane aktualne <strong>politike, raziskave, ter na\u010dini, kako umetnost krepi dobrobit delavk in delavcev, organizacijskih okolij, posameznikov in skupnosti<\/strong>.<\/p>\n\n\n\n<p class=\"has-text-align-center\" style=\"font-size:25px\"><strong><a href=\"https:\/\/drive.google.com\/file\/d\/1OpYWxXoVYayt_rwqkC6rGFMvf3W_J2Fn\/view?usp=sharing\">PROGRAM KONFERENCE<\/a><\/strong><\/p>\n\n\n\n<p>Drugi dan bo posve\u010den <strong>delavnicam, \u0161tudijskim obiskom in umetni\u0161kemu programu<\/strong>, ki bodo udele\u017eencem omogo\u010dili poglobljeno izku\u0161njo povezovanja umetnosti in zdravja v praksi.<\/p>\n\n\n\n<p>Projekt CARE sofinancira Evropska Unija, aktivnosti projekta Kultura za du\u0161evno zdravje pa Ministrstvo za javno upravo RS v okviru javnega razpisa za razvoj in profesionalizacijo NVO in prostovoljstva 2024.<\/p>\n\n\n<div class=\"wp-block-image is-style-default\">\n<figure class=\"aligncenter size-large is-resized\"><img loading=\"lazy\" decoding=\"async\" width=\"1024\" height=\"23\" src=\"https:\/\/www.asociacija.si\/si\/wp-content\/uploads\/2025\/08\/PASICA-FIN-1024x23.jpg\" alt=\"\" class=\"wp-image-10183\" style=\"width:890px;height:auto\" srcset=\"https:\/\/www.asociacija.si\/si\/wp-content\/uploads\/2025\/08\/PASICA-FIN-1024x23.jpg 1024w, https:\/\/www.asociacija.si\/si\/wp-content\/uploads\/2025\/08\/PASICA-FIN-300x7.jpg 300w, https:\/\/www.asociacija.si\/si\/wp-content\/uploads\/2025\/08\/PASICA-FIN-768x17.jpg 768w, https:\/\/www.asociacija.si\/si\/wp-content\/uploads\/2025\/08\/PASICA-FIN-1536x34.jpg 1536w, https:\/\/www.asociacija.si\/si\/wp-content\/uploads\/2025\/08\/PASICA-FIN-2048x45.jpg 2048w\" sizes=\"auto, (max-width: 1024px) 100vw, 1024px\" \/><\/figure>\n<\/div>\n\n\n<div style=\"height:43px\" aria-hidden=\"true\" class=\"wp-block-spacer\"><\/div>\n\n\n\n<p class=\"has-text-align-center has-medium-font-size\"><strong>International Conference: HEALTH AND WORK: Building Well-being through Arts in Communities and Workplaces<\/strong><br>9\u201310 September 2025, various locations, Ljubljana<\/p>\n\n\n\n<p>Dru\u0161tvo Asociacija in cooperation with partners within the <em>CARE<\/em> project and the <em>Culture for Mental Health<\/em> initiative, is organising the conference <strong><em>HEALTH AND WORK: Building Well-being through Arts in Communities and Workplaces<\/em><\/strong>, which will take place at several venues across Ljubljana. The event will bring together professionals from the fields of arts, health, work, economy, and policy at local, national, and European levels.<\/p>\n\n\n\n<p class=\"has-text-align-center\" style=\"font-size:25px\"><strong><a href=\"https:\/\/forms.gle\/aDyWiBwBsmBhmdgc9\">REGISTRATION<\/a><\/strong><\/p>\n\n\n\n<p>The first day of the conference will explore the <strong>role of culture in health<\/strong>, with a particular focus on <strong>policy development and future directions both in Slovenia and internationally, workplace well-being, creative practices for preventing burnout and absenteeism, and community-based approaches such as social prescribing and the use of arts for the benefit of communities<\/strong>. Through presentations, reflections, and case studies, it will address current policies, research, and the ways in which the arts strengthen the well-being of workers, organisational environments, individuals, and communities.<\/p>\n\n\n\n<p class=\"has-text-align-center\" style=\"font-size:25px\"><strong><a href=\"https:\/\/drive.google.com\/file\/d\/132nc1eMvEGxULq_8iG-NBHOUjo1bzBf_\/view?usp=sharing\">PROGRAM<\/a><\/strong><\/p>\n\n\n\n<p>The second day will be dedicated to workshops, study visits, and an artistic programme, offering participants an in-depth experience of connecting arts and health in practice.<\/p>\n\n\n\n<p>Details on conference registration and the full programme will be announced soon.<\/p>\n\n\n\n<p>The CARE project is co-financed by the European Union, while the Culture for Mental Health initiative is supported by the Ministry of Public Administration of the Republic of Slovenia.<\/p>\n\n\n\n<figure class=\"wp-block-image size-large\"><img loading=\"lazy\" decoding=\"async\" width=\"1024\" height=\"483\" src=\"https:\/\/www.asociacija.si\/si\/wp-content\/uploads\/2025\/08\/INSTA-PAGE-2-1024x483.jpg\" alt=\"\" class=\"wp-image-10184\" srcset=\"https:\/\/www.asociacija.si\/si\/wp-content\/uploads\/2025\/08\/INSTA-PAGE-2-1024x483.jpg 1024w, https:\/\/www.asociacija.si\/si\/wp-content\/uploads\/2025\/08\/INSTA-PAGE-2-300x141.jpg 300w, https:\/\/www.asociacija.si\/si\/wp-content\/uploads\/2025\/08\/INSTA-PAGE-2-768x362.jpg 768w, https:\/\/www.asociacija.si\/si\/wp-content\/uploads\/2025\/08\/INSTA-PAGE-2-1536x724.jpg 1536w, https:\/\/www.asociacija.si\/si\/wp-content\/uploads\/2025\/08\/INSTA-PAGE-2-2048x966.jpg 2048w\" sizes=\"auto, (max-width: 1024px) 100vw, 1024px\" \/><\/figure>\n","protected":false},"excerpt":{"rendered":"<p>Mednarodna konferenca: ZDRAVJE IN DELO: Izgradnja dobrega po\u010dutja skozi umetnost v skupnostih in na delovnih mestih9.\u201311. september 2025, Ljubljana V Dru\u0161tvo Asociacija v okviru projektov CARE in Kultura za du\u0161evno zdravje v sodelovanju s partnerji v obeh projektih na razli\u010dnih lokacijah v Ljubljani organizira konferenco ZDRAVJE IN DELO: Izgradnja dobrega po\u010dutja skozi umetnost v skupnostih &hellip; <a href=\"https:\/\/www.asociacija.si\/si\/konferenca-zdravje-in-delo-conference-health-and-work\/\" class=\"more-link\">Preberi ve\u010d o <span class=\"screen-reader-text\">Konferenca &#8220;Zdravje in delo \/ Conference &#8220;Health and work&#8221;<\/span><\/a><\/p>\n","protected":false},"author":5,"featured_media":0,"parent":0,"menu_order":0,"comment_status":"closed","ping_status":"closed","template":"","meta":{"footnotes":""},"class_list":["post-10176","page","type-page","status-publish","hentry"],"_links":{"self":[{"href":"https:\/\/www.asociacija.si\/si\/wp-json\/wp\/v2\/pages\/10176","targetHints":{"allow":["GET"]}}],"collection":[{"href":"https:\/\/www.asociacija.si\/si\/wp-json\/wp\/v2\/pages"}],"about":[{"href":"https:\/\/www.asociacija.si\/si\/wp-json\/wp\/v2\/types\/page"}],"author":[{"embeddable":true,"href":"https:\/\/www.asociacija.si\/si\/wp-json\/wp\/v2\/users\/5"}],"replies":[{"embeddable":true,"href":"https:\/\/www.asociacija.si\/si\/wp-json\/wp\/v2\/comments?post=10176"}],"version-history":[{"count":8,"href":"https:\/\/www.asociacija.si\/si\/wp-json\/wp\/v2\/pages\/10176\/revisions"}],"predecessor-version":[{"id":10247,"href":"https:\/\/www.asociacija.si\/si\/wp-json\/wp\/v2\/pages\/10176\/revisions\/10247"}],"wp:attachment":[{"href":"https:\/\/www.asociacija.si\/si\/wp-json\/wp\/v2\/media?parent=10176"}],"curies":[{"name":"wp","href":"https:\/\/api.w.org\/{rel}","templated":true}]}}